{"id":2,"date":"2023-11-13T07:55:14","date_gmt":"2023-11-13T06:55:14","guid":{"rendered":"http:\/\/szpitalwlasku.home.pl\/autoinstalator\/wordpressplugins1\/?page_id=2"},"modified":"2023-11-20T15:07:49","modified_gmt":"2023-11-20T14:07:49","slug":"przykladowa-strona","status":"publish","type":"page","link":"https:\/\/fundacjaprosaluteomnium.pl\/","title":{"rendered":"WITAMY NA STRONIE NASZEJ FUNDACJI!"},"content":{"rendered":"\n<figure class=\"wp-block-gallery has-nested-images columns-default is-cropped wp-block-gallery-1 is-layout-flex wp-block-gallery-is-layout-flex\"><div class=\"wp-block-image\">\n<figure class=\"aligncenter size-full\"><img fetchpriority=\"high\" decoding=\"async\" width=\"5125\" height=\"2888\" data-id=\"252\" src=\"http:\/\/fundacjaprosaluteomnium.pl\/wp-content\/uploads\/2023\/11\/strona-glowna.png\" alt=\"\" class=\"wp-image-252\" srcset=\"https:\/\/fundacjaprosaluteomnium.pl\/wp-content\/uploads\/2023\/11\/strona-glowna.png 5125w, https:\/\/fundacjaprosaluteomnium.pl\/wp-content\/uploads\/2023\/11\/strona-glowna-300x169.png 300w, https:\/\/fundacjaprosaluteomnium.pl\/wp-content\/uploads\/2023\/11\/strona-glowna-1024x577.png 1024w, https:\/\/fundacjaprosaluteomnium.pl\/wp-content\/uploads\/2023\/11\/strona-glowna-768x433.png 768w, https:\/\/fundacjaprosaluteomnium.pl\/wp-content\/uploads\/2023\/11\/strona-glowna-1536x866.png 1536w, https:\/\/fundacjaprosaluteomnium.pl\/wp-content\/uploads\/2023\/11\/strona-glowna-2048x1154.png 2048w\" sizes=\"(max-width: 5125px) 100vw, 5125px\" \/><\/figure>\n<\/div><\/figure>\n\n\n\n<p>Naszymi celami i zadaniami, z kt\u00f3rymi mierzymy si\u0119 na co dzie\u0144 s\u0105:<\/p>\n\n\n\n<ol class=\"wp-block-list\">\n<li>wspieranie podmiot\u00f3w leczniczych w niesieniu pomocy, gdy zagro\u017cone jest zdrowie i  ludzkie \u017cycie, poprzez zakup sprz\u0119tu medycznego;<\/li>\n\n\n\n<li>wspieranie szpitali w zakresie podnoszenia jako\u015bci \u015bwiadcze\u0144 medycznych;<\/li>\n\n\n\n<li>podnoszenie \u015bwiadomo\u015bci personelu medycznego, administracyjnego, zarz\u0105dzaj\u0105cego podmiot\u00f3w leczniczych w zakresie zarz\u0105dzania jednostkami ochrony zdrowia;<\/li>\n\n\n\n<li>wspieranie podmiot\u00f3w leczniczych w zakresie poprawy proces\u00f3w zarz\u0105dzania udzielaniem \u015bwiadcze\u0144 medycznych<\/li>\n<\/ol>\n\n\n\n<p><\/p>\n\n\n\n<p>Wi\u0119cej informacji o naszej dzia\u0142alno\u015bci ju\u017c wkr\u00f3tce!<\/p>\n\n\n\n<figure class=\"wp-block-gallery has-nested-images columns-default is-cropped wp-block-gallery-2 is-layout-flex wp-block-gallery-is-layout-flex\"><\/figure>\n\n\n","protected":false},"excerpt":{"rendered":"<p>Naszymi celami i zadaniami, z kt\u00f3rymi mierzymy si\u0119 na co dzie\u0144 s\u0105: Wi\u0119cej informacji o naszej dzia\u0142alno\u015bci ju\u017c wkr\u00f3tce!<\/p>\n","protected":false},"author":1,"featured_media":0,"parent":0,"menu_order":0,"comment_status":"closed","ping_status":"open","template":"","meta":{"footnotes":"[]"},"class_list":["post-2","page","type-page","status-publish","hentry"],"yoast_head":"<!-- This site is optimized with the Yoast SEO plugin v27.3 - https:\/\/yoast.com\/product\/yoast-seo-wordpress\/ -->\n<title>WITAMY NA STRONIE NASZEJ FUNDACJI! - Fundacja Pro Salute Omnium<\/title>\n<meta name=\"robots\" content=\"index, follow, max-snippet:-1, max-image-preview:large, max-video-preview:-1\" \/>\n<link rel=\"canonical\" href=\"http:\/\/fundacjaprosaluteomnium.pl\/\" \/>\n<meta property=\"og:locale\" content=\"pl_PL\" \/>\n<meta property=\"og:type\" content=\"article\" \/>\n<meta property=\"og:title\" content=\"WITAMY NA STRONIE NASZEJ FUNDACJI! - Fundacja Pro Salute Omnium\" \/>\n<meta property=\"og:description\" content=\"Naszymi celami i zadaniami, z kt\u00f3rymi mierzymy si\u0119 na co dzie\u0144 s\u0105: Wi\u0119cej informacji o naszej dzia\u0142alno\u015bci ju\u017c wkr\u00f3tce!\" \/>\n<meta property=\"og:url\" content=\"http:\/\/fundacjaprosaluteomnium.pl\/\" \/>\n<meta property=\"og:site_name\" content=\"Fundacja Pro Salute Omnium\" \/>\n<meta property=\"article:modified_time\" content=\"2023-11-20T14:07:49+00:00\" \/>\n<meta property=\"og:image\" content=\"http:\/\/fundacjaprosaluteomnium.pl\/wp-content\/uploads\/2023\/11\/strona-glowna.png\" \/>\n<meta name=\"twitter:card\" content=\"summary_large_image\" \/>\n<meta name=\"twitter:label1\" content=\"Szacowany czas czytania\" \/>\n\t<meta name=\"twitter:data1\" content=\"1 minuta\" \/>\n<script type=\"application\/ld+json\" class=\"yoast-schema-graph\">{\"@context\":\"https:\\\/\\\/schema.org\",\"@graph\":[{\"@type\":\"WebPage\",\"@id\":\"http:\\\/\\\/fundacjaprosaluteomnium.pl\\\/\",\"url\":\"http:\\\/\\\/fundacjaprosaluteomnium.pl\\\/\",\"name\":\"WITAMY NA STRONIE NASZEJ FUNDACJI! - Fundacja Pro Salute Omnium\",\"isPartOf\":{\"@id\":\"http:\\\/\\\/fundacjaprosaluteomnium.pl\\\/#website\"},\"primaryImageOfPage\":{\"@id\":\"http:\\\/\\\/fundacjaprosaluteomnium.pl\\\/#primaryimage\"},\"image\":{\"@id\":\"http:\\\/\\\/fundacjaprosaluteomnium.pl\\\/#primaryimage\"},\"thumbnailUrl\":\"http:\\\/\\\/fundacjaprosaluteomnium.pl\\\/wp-content\\\/uploads\\\/2023\\\/11\\\/strona-glowna.png\",\"datePublished\":\"2023-11-13T06:55:14+00:00\",\"dateModified\":\"2023-11-20T14:07:49+00:00\",\"breadcrumb\":{\"@id\":\"http:\\\/\\\/fundacjaprosaluteomnium.pl\\\/#breadcrumb\"},\"inLanguage\":\"pl-PL\",\"potentialAction\":[{\"@type\":\"ReadAction\",\"target\":[\"http:\\\/\\\/fundacjaprosaluteomnium.pl\\\/\"]}]},{\"@type\":\"ImageObject\",\"inLanguage\":\"pl-PL\",\"@id\":\"http:\\\/\\\/fundacjaprosaluteomnium.pl\\\/#primaryimage\",\"url\":\"https:\\\/\\\/fundacjaprosaluteomnium.pl\\\/wp-content\\\/uploads\\\/2023\\\/11\\\/strona-glowna.png\",\"contentUrl\":\"https:\\\/\\\/fundacjaprosaluteomnium.pl\\\/wp-content\\\/uploads\\\/2023\\\/11\\\/strona-glowna.png\",\"width\":5125,\"height\":2888},{\"@type\":\"BreadcrumbList\",\"@id\":\"http:\\\/\\\/fundacjaprosaluteomnium.pl\\\/#breadcrumb\",\"itemListElement\":[{\"@type\":\"ListItem\",\"position\":1,\"name\":\"Home\",\"item\":\"http:\\\/\\\/fundacjaprosaluteomnium.pl\\\/\"},{\"@type\":\"ListItem\",\"position\":2,\"name\":\"WITAMY NA STRONIE NASZEJ FUNDACJI!\"}]},{\"@type\":\"WebSite\",\"@id\":\"http:\\\/\\\/fundacjaprosaluteomnium.pl\\\/#website\",\"url\":\"http:\\\/\\\/fundacjaprosaluteomnium.pl\\\/\",\"name\":\"Fundacja Pro Salute Omnium\",\"description\":\"\",\"publisher\":{\"@id\":\"http:\\\/\\\/fundacjaprosaluteomnium.pl\\\/#organization\"},\"potentialAction\":[{\"@type\":\"SearchAction\",\"target\":{\"@type\":\"EntryPoint\",\"urlTemplate\":\"http:\\\/\\\/fundacjaprosaluteomnium.pl\\\/?s={search_term_string}\"},\"query-input\":{\"@type\":\"PropertyValueSpecification\",\"valueRequired\":true,\"valueName\":\"search_term_string\"}}],\"inLanguage\":\"pl-PL\"},{\"@type\":\"Organization\",\"@id\":\"http:\\\/\\\/fundacjaprosaluteomnium.pl\\\/#organization\",\"name\":\"Fundacja Pro Salute Omnium\",\"url\":\"http:\\\/\\\/fundacjaprosaluteomnium.pl\\\/\",\"logo\":{\"@type\":\"ImageObject\",\"inLanguage\":\"pl-PL\",\"@id\":\"http:\\\/\\\/fundacjaprosaluteomnium.pl\\\/#\\\/schema\\\/logo\\\/image\\\/\",\"url\":\"https:\\\/\\\/fundacjaprosaluteomnium.pl\\\/wp-content\\\/uploads\\\/2023\\\/11\\\/LOG180x180-1.png\",\"contentUrl\":\"https:\\\/\\\/fundacjaprosaluteomnium.pl\\\/wp-content\\\/uploads\\\/2023\\\/11\\\/LOG180x180-1.png\",\"width\":180,\"height\":180,\"caption\":\"Fundacja Pro Salute Omnium\"},\"image\":{\"@id\":\"http:\\\/\\\/fundacjaprosaluteomnium.pl\\\/#\\\/schema\\\/logo\\\/image\\\/\"}}]}<\/script>\n<!-- \/ Yoast SEO plugin. -->","yoast_head_json":{"title":"WITAMY NA STRONIE NASZEJ FUNDACJI! - Fundacja Pro Salute Omnium","robots":{"index":"index","follow":"follow","max-snippet":"max-snippet:-1","max-image-preview":"max-image-preview:large","max-video-preview":"max-video-preview:-1"},"canonical":"http:\/\/fundacjaprosaluteomnium.pl\/","og_locale":"pl_PL","og_type":"article","og_title":"WITAMY NA STRONIE NASZEJ FUNDACJI! - Fundacja Pro Salute Omnium","og_description":"Naszymi celami i zadaniami, z kt\u00f3rymi mierzymy si\u0119 na co dzie\u0144 s\u0105: Wi\u0119cej informacji o naszej dzia\u0142alno\u015bci ju\u017c wkr\u00f3tce!","og_url":"http:\/\/fundacjaprosaluteomnium.pl\/","og_site_name":"Fundacja Pro Salute Omnium","article_modified_time":"2023-11-20T14:07:49+00:00","og_image":[{"url":"http:\/\/fundacjaprosaluteomnium.pl\/wp-content\/uploads\/2023\/11\/strona-glowna.png","type":"","width":"","height":""}],"twitter_card":"summary_large_image","twitter_misc":{"Szacowany czas czytania":"1 minuta"},"schema":{"@context":"https:\/\/schema.org","@graph":[{"@type":"WebPage","@id":"http:\/\/fundacjaprosaluteomnium.pl\/","url":"http:\/\/fundacjaprosaluteomnium.pl\/","name":"WITAMY NA STRONIE NASZEJ FUNDACJI! - Fundacja Pro Salute Omnium","isPartOf":{"@id":"http:\/\/fundacjaprosaluteomnium.pl\/#website"},"primaryImageOfPage":{"@id":"http:\/\/fundacjaprosaluteomnium.pl\/#primaryimage"},"image":{"@id":"http:\/\/fundacjaprosaluteomnium.pl\/#primaryimage"},"thumbnailUrl":"http:\/\/fundacjaprosaluteomnium.pl\/wp-content\/uploads\/2023\/11\/strona-glowna.png","datePublished":"2023-11-13T06:55:14+00:00","dateModified":"2023-11-20T14:07:49+00:00","breadcrumb":{"@id":"http:\/\/fundacjaprosaluteomnium.pl\/#breadcrumb"},"inLanguage":"pl-PL","potentialAction":[{"@type":"ReadAction","target":["http:\/\/fundacjaprosaluteomnium.pl\/"]}]},{"@type":"ImageObject","inLanguage":"pl-PL","@id":"http:\/\/fundacjaprosaluteomnium.pl\/#primaryimage","url":"https:\/\/fundacjaprosaluteomnium.pl\/wp-content\/uploads\/2023\/11\/strona-glowna.png","contentUrl":"https:\/\/fundacjaprosaluteomnium.pl\/wp-content\/uploads\/2023\/11\/strona-glowna.png","width":5125,"height":2888},{"@type":"BreadcrumbList","@id":"http:\/\/fundacjaprosaluteomnium.pl\/#breadcrumb","itemListElement":[{"@type":"ListItem","position":1,"name":"Home","item":"http:\/\/fundacjaprosaluteomnium.pl\/"},{"@type":"ListItem","position":2,"name":"WITAMY NA STRONIE NASZEJ FUNDACJI!"}]},{"@type":"WebSite","@id":"http:\/\/fundacjaprosaluteomnium.pl\/#website","url":"http:\/\/fundacjaprosaluteomnium.pl\/","name":"Fundacja Pro Salute Omnium","description":"","publisher":{"@id":"http:\/\/fundacjaprosaluteomnium.pl\/#organization"},"potentialAction":[{"@type":"SearchAction","target":{"@type":"EntryPoint","urlTemplate":"http:\/\/fundacjaprosaluteomnium.pl\/?s={search_term_string}"},"query-input":{"@type":"PropertyValueSpecification","valueRequired":true,"valueName":"search_term_string"}}],"inLanguage":"pl-PL"},{"@type":"Organization","@id":"http:\/\/fundacjaprosaluteomnium.pl\/#organization","name":"Fundacja Pro Salute Omnium","url":"http:\/\/fundacjaprosaluteomnium.pl\/","logo":{"@type":"ImageObject","inLanguage":"pl-PL","@id":"http:\/\/fundacjaprosaluteomnium.pl\/#\/schema\/logo\/image\/","url":"https:\/\/fundacjaprosaluteomnium.pl\/wp-content\/uploads\/2023\/11\/LOG180x180-1.png","contentUrl":"https:\/\/fundacjaprosaluteomnium.pl\/wp-content\/uploads\/2023\/11\/LOG180x180-1.png","width":180,"height":180,"caption":"Fundacja Pro Salute Omnium"},"image":{"@id":"http:\/\/fundacjaprosaluteomnium.pl\/#\/schema\/logo\/image\/"}}]}},"_links":{"self":[{"href":"https:\/\/fundacjaprosaluteomnium.pl\/index.php\/wp-json\/wp\/v2\/pages\/2","targetHints":{"allow":["GET"]}}],"collection":[{"href":"https:\/\/fundacjaprosaluteomnium.pl\/index.php\/wp-json\/wp\/v2\/pages"}],"about":[{"href":"https:\/\/fundacjaprosaluteomnium.pl\/index.php\/wp-json\/wp\/v2\/types\/page"}],"author":[{"embeddable":true,"href":"https:\/\/fundacjaprosaluteomnium.pl\/index.php\/wp-json\/wp\/v2\/users\/1"}],"replies":[{"embeddable":true,"href":"https:\/\/fundacjaprosaluteomnium.pl\/index.php\/wp-json\/wp\/v2\/comments?post=2"}],"version-history":[{"count":26,"href":"https:\/\/fundacjaprosaluteomnium.pl\/index.php\/wp-json\/wp\/v2\/pages\/2\/revisions"}],"predecessor-version":[{"id":253,"href":"https:\/\/fundacjaprosaluteomnium.pl\/index.php\/wp-json\/wp\/v2\/pages\/2\/revisions\/253"}],"wp:attachment":[{"href":"https:\/\/fundacjaprosaluteomnium.pl\/index.php\/wp-json\/wp\/v2\/media?parent=2"}],"curies":[{"name":"wp","href":"https:\/\/api.w.org\/{rel}","templated":true}]}}