{"id":233,"date":"2023-11-20T14:26:32","date_gmt":"2023-11-20T13:26:32","guid":{"rendered":"http:\/\/fundacjaprosaluteomnium.pl\/?page_id=233"},"modified":"2023-11-20T14:39:06","modified_gmt":"2023-11-20T13:39:06","slug":"pomoc-dla-olafa-halas-z-fundacji-dzieciom-zdazyc-z-pomoca","status":"publish","type":"page","link":"https:\/\/fundacjaprosaluteomnium.pl\/index.php\/pomoc-dla-olafa-halas-z-fundacji-dzieciom-zdazyc-z-pomoca\/","title":{"rendered":"POMOC DLA OLAFA HALAS"},"content":{"rendered":"\n<p>status wydarzenia: <strong>zako\u0144czone sukcesem<\/strong><\/p>\n\n\n\n<p>pt. <strong>\u201eB\u00f3l, kt\u00f3ry nie daje \u017cy\u0107 \u2013 Ratuj Olafa\u201d<\/strong><\/p>\n\n\n\n<p>Opis wydarzenia<strong>:<\/strong><\/p>\n\n\n\n<p>Czy mo\u017ce by\u0107 co\u015b bardziej rozdzieraj\u0105cego ni\u017c bezsilne obserwowanie cierpienia w\u0142asnego dziecka? Przez wiele lat rodzina Olafa by\u0142a ca\u0142kowicie bezradna, pr\u00f3buj\u0105c zrozumie\u0107, co dolega Olafowi. Po 8 latach b\u00f3lu i niepewno\u015bci okaza\u0142o si\u0119, \u017ce Olaf jako jedyny w Polsce i jeden z 14 os\u00f3b na \u015bwiecie choruje na PMLD1, czyli leukodystrofi\u0119. Leukodystrofia &#8211; to jest choroba nieuleczalna, kt\u00f3ra powoduje mi\u0119dzy innymi oczopl\u0105s, op\u00f3\u017anienie psychoruchowe, spastyczno\u015b\u0107, brak rozwoju mowy, brak przyrostu masy cia\u0142a, ataksj\u0119, problemy z prze\u0142ykaniem, problemy ortopedyczne. <\/p>\n\n\n\n<p><strong>Fundacja Pro Salute Omnium przekaza\u0142a darowizn\u0119 pieni\u0119\u017cn\u0105 na rzecz  <a href=\"https:\/\/www.siepomaga.pl\/organizacje\/zdazyczpomoca\">Fundacji Dzieciom ZD\u0104\u017bY\u0106 Z POMOC\u0104<\/a><\/strong> <strong>na leczenie dla ma\u0142ego Olafa w szpitalu Ospedale Pediatrico Bambino Gesu w Rzymie<\/strong>.<\/p>\n\n\n<div class=\"wp-block-image\">\n<figure class=\"aligncenter size-full\"><img fetchpriority=\"high\" decoding=\"async\" width=\"650\" height=\"488\" src=\"http:\/\/fundacjaprosaluteomnium.pl\/wp-content\/uploads\/2023\/11\/big_1453ee24-7002-4541-a9e8-3457dfb7897d.jpg\" alt=\"\" class=\"wp-image-237\" srcset=\"https:\/\/fundacjaprosaluteomnium.pl\/wp-content\/uploads\/2023\/11\/big_1453ee24-7002-4541-a9e8-3457dfb7897d.jpg 650w, https:\/\/fundacjaprosaluteomnium.pl\/wp-content\/uploads\/2023\/11\/big_1453ee24-7002-4541-a9e8-3457dfb7897d-300x225.jpg 300w\" sizes=\"(max-width: 650px) 100vw, 650px\" \/><\/figure>\n<\/div>\n\n\n<p><\/p>\n","protected":false},"excerpt":{"rendered":"<p>status wydarzenia: zako\u0144czone sukcesem pt. \u201eB\u00f3l, kt\u00f3ry nie daje \u017cy\u0107 \u2013 Ratuj Olafa\u201d Opis wydarzenia: Czy mo\u017ce by\u0107 co\u015b bardziej rozdzieraj\u0105cego ni\u017c bezsilne obserwowanie cierpienia w\u0142asnego dziecka? Przez wiele lat rodzina Olafa by\u0142a ca\u0142kowicie bezradna, pr\u00f3buj\u0105c zrozumie\u0107, co dolega Olafowi. Po 8 latach b\u00f3lu i niepewno\u015bci okaza\u0142o si\u0119, \u017ce Olaf jako jedyny w Polsce i [&hellip;]<\/p>\n","protected":false},"author":1,"featured_media":0,"parent":0,"menu_order":0,"comment_status":"closed","ping_status":"closed","template":"","meta":{"footnotes":""},"class_list":["post-233","page","type-page","status-publish","hentry"],"yoast_head":"<!-- This site is optimized with the Yoast SEO plugin v27.3 - https:\/\/yoast.com\/product\/yoast-seo-wordpress\/ -->\n<title>POMOC DLA OLAFA HALAS - Fundacja Pro Salute Omnium<\/title>\n<meta name=\"robots\" content=\"index, follow, max-snippet:-1, max-image-preview:large, max-video-preview:-1\" \/>\n<link rel=\"canonical\" href=\"https:\/\/fundacjaprosaluteomnium.pl\/index.php\/pomoc-dla-olafa-halas-z-fundacji-dzieciom-zdazyc-z-pomoca\/\" \/>\n<meta property=\"og:locale\" content=\"pl_PL\" \/>\n<meta property=\"og:type\" content=\"article\" \/>\n<meta property=\"og:title\" content=\"POMOC DLA OLAFA HALAS - Fundacja Pro Salute Omnium\" \/>\n<meta property=\"og:description\" content=\"status wydarzenia: zako\u0144czone sukcesem pt. \u201eB\u00f3l, kt\u00f3ry nie daje \u017cy\u0107 \u2013 Ratuj Olafa\u201d Opis wydarzenia: Czy mo\u017ce by\u0107 co\u015b bardziej rozdzieraj\u0105cego ni\u017c bezsilne obserwowanie cierpienia w\u0142asnego dziecka? Przez wiele lat rodzina Olafa by\u0142a ca\u0142kowicie bezradna, pr\u00f3buj\u0105c zrozumie\u0107, co dolega Olafowi. Po 8 latach b\u00f3lu i niepewno\u015bci okaza\u0142o si\u0119, \u017ce Olaf jako jedyny w Polsce i [&hellip;]\" \/>\n<meta property=\"og:url\" content=\"https:\/\/fundacjaprosaluteomnium.pl\/index.php\/pomoc-dla-olafa-halas-z-fundacji-dzieciom-zdazyc-z-pomoca\/\" \/>\n<meta property=\"og:site_name\" content=\"Fundacja Pro Salute Omnium\" \/>\n<meta property=\"article:modified_time\" content=\"2023-11-20T13:39:06+00:00\" \/>\n<meta property=\"og:image\" content=\"http:\/\/fundacjaprosaluteomnium.pl\/wp-content\/uploads\/2023\/11\/big_1453ee24-7002-4541-a9e8-3457dfb7897d.jpg\" \/>\n<meta name=\"twitter:card\" content=\"summary_large_image\" \/>\n<meta name=\"twitter:label1\" content=\"Szacowany czas czytania\" \/>\n\t<meta name=\"twitter:data1\" content=\"1 minuta\" \/>\n<script type=\"application\/ld+json\" class=\"yoast-schema-graph\">{\"@context\":\"https:\\\/\\\/schema.org\",\"@graph\":[{\"@type\":\"WebPage\",\"@id\":\"https:\\\/\\\/fundacjaprosaluteomnium.pl\\\/index.php\\\/pomoc-dla-olafa-halas-z-fundacji-dzieciom-zdazyc-z-pomoca\\\/\",\"url\":\"https:\\\/\\\/fundacjaprosaluteomnium.pl\\\/index.php\\\/pomoc-dla-olafa-halas-z-fundacji-dzieciom-zdazyc-z-pomoca\\\/\",\"name\":\"POMOC DLA OLAFA HALAS - Fundacja Pro Salute Omnium\",\"isPartOf\":{\"@id\":\"https:\\\/\\\/fundacjaprosaluteomnium.pl\\\/#website\"},\"primaryImageOfPage\":{\"@id\":\"https:\\\/\\\/fundacjaprosaluteomnium.pl\\\/index.php\\\/pomoc-dla-olafa-halas-z-fundacji-dzieciom-zdazyc-z-pomoca\\\/#primaryimage\"},\"image\":{\"@id\":\"https:\\\/\\\/fundacjaprosaluteomnium.pl\\\/index.php\\\/pomoc-dla-olafa-halas-z-fundacji-dzieciom-zdazyc-z-pomoca\\\/#primaryimage\"},\"thumbnailUrl\":\"http:\\\/\\\/fundacjaprosaluteomnium.pl\\\/wp-content\\\/uploads\\\/2023\\\/11\\\/big_1453ee24-7002-4541-a9e8-3457dfb7897d.jpg\",\"datePublished\":\"2023-11-20T13:26:32+00:00\",\"dateModified\":\"2023-11-20T13:39:06+00:00\",\"breadcrumb\":{\"@id\":\"https:\\\/\\\/fundacjaprosaluteomnium.pl\\\/index.php\\\/pomoc-dla-olafa-halas-z-fundacji-dzieciom-zdazyc-z-pomoca\\\/#breadcrumb\"},\"inLanguage\":\"pl-PL\",\"potentialAction\":[{\"@type\":\"ReadAction\",\"target\":[\"https:\\\/\\\/fundacjaprosaluteomnium.pl\\\/index.php\\\/pomoc-dla-olafa-halas-z-fundacji-dzieciom-zdazyc-z-pomoca\\\/\"]}]},{\"@type\":\"ImageObject\",\"inLanguage\":\"pl-PL\",\"@id\":\"https:\\\/\\\/fundacjaprosaluteomnium.pl\\\/index.php\\\/pomoc-dla-olafa-halas-z-fundacji-dzieciom-zdazyc-z-pomoca\\\/#primaryimage\",\"url\":\"https:\\\/\\\/fundacjaprosaluteomnium.pl\\\/wp-content\\\/uploads\\\/2023\\\/11\\\/big_1453ee24-7002-4541-a9e8-3457dfb7897d.jpg\",\"contentUrl\":\"https:\\\/\\\/fundacjaprosaluteomnium.pl\\\/wp-content\\\/uploads\\\/2023\\\/11\\\/big_1453ee24-7002-4541-a9e8-3457dfb7897d.jpg\",\"width\":650,\"height\":488},{\"@type\":\"BreadcrumbList\",\"@id\":\"https:\\\/\\\/fundacjaprosaluteomnium.pl\\\/index.php\\\/pomoc-dla-olafa-halas-z-fundacji-dzieciom-zdazyc-z-pomoca\\\/#breadcrumb\",\"itemListElement\":[{\"@type\":\"ListItem\",\"position\":1,\"name\":\"Home\",\"item\":\"https:\\\/\\\/fundacjaprosaluteomnium.pl\\\/\"},{\"@type\":\"ListItem\",\"position\":2,\"name\":\"POMOC DLA OLAFA HALAS\"}]},{\"@type\":\"WebSite\",\"@id\":\"https:\\\/\\\/fundacjaprosaluteomnium.pl\\\/#website\",\"url\":\"https:\\\/\\\/fundacjaprosaluteomnium.pl\\\/\",\"name\":\"Fundacja Pro Salute Omnium\",\"description\":\"\",\"publisher\":{\"@id\":\"https:\\\/\\\/fundacjaprosaluteomnium.pl\\\/#organization\"},\"potentialAction\":[{\"@type\":\"SearchAction\",\"target\":{\"@type\":\"EntryPoint\",\"urlTemplate\":\"https:\\\/\\\/fundacjaprosaluteomnium.pl\\\/?s={search_term_string}\"},\"query-input\":{\"@type\":\"PropertyValueSpecification\",\"valueRequired\":true,\"valueName\":\"search_term_string\"}}],\"inLanguage\":\"pl-PL\"},{\"@type\":\"Organization\",\"@id\":\"https:\\\/\\\/fundacjaprosaluteomnium.pl\\\/#organization\",\"name\":\"Fundacja Pro Salute Omnium\",\"url\":\"https:\\\/\\\/fundacjaprosaluteomnium.pl\\\/\",\"logo\":{\"@type\":\"ImageObject\",\"inLanguage\":\"pl-PL\",\"@id\":\"https:\\\/\\\/fundacjaprosaluteomnium.pl\\\/#\\\/schema\\\/logo\\\/image\\\/\",\"url\":\"https:\\\/\\\/fundacjaprosaluteomnium.pl\\\/wp-content\\\/uploads\\\/2023\\\/11\\\/LOG180x180-1.png\",\"contentUrl\":\"https:\\\/\\\/fundacjaprosaluteomnium.pl\\\/wp-content\\\/uploads\\\/2023\\\/11\\\/LOG180x180-1.png\",\"width\":180,\"height\":180,\"caption\":\"Fundacja Pro Salute Omnium\"},\"image\":{\"@id\":\"https:\\\/\\\/fundacjaprosaluteomnium.pl\\\/#\\\/schema\\\/logo\\\/image\\\/\"}}]}<\/script>\n<!-- \/ Yoast SEO plugin. -->","yoast_head_json":{"title":"POMOC DLA OLAFA HALAS - Fundacja Pro Salute Omnium","robots":{"index":"index","follow":"follow","max-snippet":"max-snippet:-1","max-image-preview":"max-image-preview:large","max-video-preview":"max-video-preview:-1"},"canonical":"https:\/\/fundacjaprosaluteomnium.pl\/index.php\/pomoc-dla-olafa-halas-z-fundacji-dzieciom-zdazyc-z-pomoca\/","og_locale":"pl_PL","og_type":"article","og_title":"POMOC DLA OLAFA HALAS - Fundacja Pro Salute Omnium","og_description":"status wydarzenia: zako\u0144czone sukcesem pt. \u201eB\u00f3l, kt\u00f3ry nie daje \u017cy\u0107 \u2013 Ratuj Olafa\u201d Opis wydarzenia: Czy mo\u017ce by\u0107 co\u015b bardziej rozdzieraj\u0105cego ni\u017c bezsilne obserwowanie cierpienia w\u0142asnego dziecka? Przez wiele lat rodzina Olafa by\u0142a ca\u0142kowicie bezradna, pr\u00f3buj\u0105c zrozumie\u0107, co dolega Olafowi. Po 8 latach b\u00f3lu i niepewno\u015bci okaza\u0142o si\u0119, \u017ce Olaf jako jedyny w Polsce i [&hellip;]","og_url":"https:\/\/fundacjaprosaluteomnium.pl\/index.php\/pomoc-dla-olafa-halas-z-fundacji-dzieciom-zdazyc-z-pomoca\/","og_site_name":"Fundacja Pro Salute Omnium","article_modified_time":"2023-11-20T13:39:06+00:00","og_image":[{"url":"http:\/\/fundacjaprosaluteomnium.pl\/wp-content\/uploads\/2023\/11\/big_1453ee24-7002-4541-a9e8-3457dfb7897d.jpg","type":"","width":"","height":""}],"twitter_card":"summary_large_image","twitter_misc":{"Szacowany czas czytania":"1 minuta"},"schema":{"@context":"https:\/\/schema.org","@graph":[{"@type":"WebPage","@id":"https:\/\/fundacjaprosaluteomnium.pl\/index.php\/pomoc-dla-olafa-halas-z-fundacji-dzieciom-zdazyc-z-pomoca\/","url":"https:\/\/fundacjaprosaluteomnium.pl\/index.php\/pomoc-dla-olafa-halas-z-fundacji-dzieciom-zdazyc-z-pomoca\/","name":"POMOC DLA OLAFA HALAS - Fundacja Pro Salute Omnium","isPartOf":{"@id":"https:\/\/fundacjaprosaluteomnium.pl\/#website"},"primaryImageOfPage":{"@id":"https:\/\/fundacjaprosaluteomnium.pl\/index.php\/pomoc-dla-olafa-halas-z-fundacji-dzieciom-zdazyc-z-pomoca\/#primaryimage"},"image":{"@id":"https:\/\/fundacjaprosaluteomnium.pl\/index.php\/pomoc-dla-olafa-halas-z-fundacji-dzieciom-zdazyc-z-pomoca\/#primaryimage"},"thumbnailUrl":"http:\/\/fundacjaprosaluteomnium.pl\/wp-content\/uploads\/2023\/11\/big_1453ee24-7002-4541-a9e8-3457dfb7897d.jpg","datePublished":"2023-11-20T13:26:32+00:00","dateModified":"2023-11-20T13:39:06+00:00","breadcrumb":{"@id":"https:\/\/fundacjaprosaluteomnium.pl\/index.php\/pomoc-dla-olafa-halas-z-fundacji-dzieciom-zdazyc-z-pomoca\/#breadcrumb"},"inLanguage":"pl-PL","potentialAction":[{"@type":"ReadAction","target":["https:\/\/fundacjaprosaluteomnium.pl\/index.php\/pomoc-dla-olafa-halas-z-fundacji-dzieciom-zdazyc-z-pomoca\/"]}]},{"@type":"ImageObject","inLanguage":"pl-PL","@id":"https:\/\/fundacjaprosaluteomnium.pl\/index.php\/pomoc-dla-olafa-halas-z-fundacji-dzieciom-zdazyc-z-pomoca\/#primaryimage","url":"https:\/\/fundacjaprosaluteomnium.pl\/wp-content\/uploads\/2023\/11\/big_1453ee24-7002-4541-a9e8-3457dfb7897d.jpg","contentUrl":"https:\/\/fundacjaprosaluteomnium.pl\/wp-content\/uploads\/2023\/11\/big_1453ee24-7002-4541-a9e8-3457dfb7897d.jpg","width":650,"height":488},{"@type":"BreadcrumbList","@id":"https:\/\/fundacjaprosaluteomnium.pl\/index.php\/pomoc-dla-olafa-halas-z-fundacji-dzieciom-zdazyc-z-pomoca\/#breadcrumb","itemListElement":[{"@type":"ListItem","position":1,"name":"Home","item":"https:\/\/fundacjaprosaluteomnium.pl\/"},{"@type":"ListItem","position":2,"name":"POMOC DLA OLAFA HALAS"}]},{"@type":"WebSite","@id":"https:\/\/fundacjaprosaluteomnium.pl\/#website","url":"https:\/\/fundacjaprosaluteomnium.pl\/","name":"Fundacja Pro Salute Omnium","description":"","publisher":{"@id":"https:\/\/fundacjaprosaluteomnium.pl\/#organization"},"potentialAction":[{"@type":"SearchAction","target":{"@type":"EntryPoint","urlTemplate":"https:\/\/fundacjaprosaluteomnium.pl\/?s={search_term_string}"},"query-input":{"@type":"PropertyValueSpecification","valueRequired":true,"valueName":"search_term_string"}}],"inLanguage":"pl-PL"},{"@type":"Organization","@id":"https:\/\/fundacjaprosaluteomnium.pl\/#organization","name":"Fundacja Pro Salute Omnium","url":"https:\/\/fundacjaprosaluteomnium.pl\/","logo":{"@type":"ImageObject","inLanguage":"pl-PL","@id":"https:\/\/fundacjaprosaluteomnium.pl\/#\/schema\/logo\/image\/","url":"https:\/\/fundacjaprosaluteomnium.pl\/wp-content\/uploads\/2023\/11\/LOG180x180-1.png","contentUrl":"https:\/\/fundacjaprosaluteomnium.pl\/wp-content\/uploads\/2023\/11\/LOG180x180-1.png","width":180,"height":180,"caption":"Fundacja Pro Salute Omnium"},"image":{"@id":"https:\/\/fundacjaprosaluteomnium.pl\/#\/schema\/logo\/image\/"}}]}},"_links":{"self":[{"href":"https:\/\/fundacjaprosaluteomnium.pl\/index.php\/wp-json\/wp\/v2\/pages\/233","targetHints":{"allow":["GET"]}}],"collection":[{"href":"https:\/\/fundacjaprosaluteomnium.pl\/index.php\/wp-json\/wp\/v2\/pages"}],"about":[{"href":"https:\/\/fundacjaprosaluteomnium.pl\/index.php\/wp-json\/wp\/v2\/types\/page"}],"author":[{"embeddable":true,"href":"https:\/\/fundacjaprosaluteomnium.pl\/index.php\/wp-json\/wp\/v2\/users\/1"}],"replies":[{"embeddable":true,"href":"https:\/\/fundacjaprosaluteomnium.pl\/index.php\/wp-json\/wp\/v2\/comments?post=233"}],"version-history":[{"count":5,"href":"https:\/\/fundacjaprosaluteomnium.pl\/index.php\/wp-json\/wp\/v2\/pages\/233\/revisions"}],"predecessor-version":[{"id":241,"href":"https:\/\/fundacjaprosaluteomnium.pl\/index.php\/wp-json\/wp\/v2\/pages\/233\/revisions\/241"}],"wp:attachment":[{"href":"https:\/\/fundacjaprosaluteomnium.pl\/index.php\/wp-json\/wp\/v2\/media?parent=233"}],"curies":[{"name":"wp","href":"https:\/\/api.w.org\/{rel}","templated":true}]}}