{"id":242,"date":"2023-11-20T14:41:33","date_gmt":"2023-11-20T13:41:33","guid":{"rendered":"http:\/\/fundacjaprosaluteomnium.pl\/?page_id=242"},"modified":"2023-11-20T15:08:50","modified_gmt":"2023-11-20T14:08:50","slug":"bezplatne-badania-profilaktyczne-nerek","status":"publish","type":"page","link":"https:\/\/fundacjaprosaluteomnium.pl\/index.php\/bezplatne-badania-profilaktyczne-nerek\/","title":{"rendered":"BEZP\u0141ATNE BADANIA PROFILAKTYCZNE NEREK"},"content":{"rendered":"\n<p>status wydarzenia: <strong>zako\u0144czone sukcesem<\/strong><\/p>\n\n\n\n<p>pt. <strong>&#8222;ZDROWE NERKI&#8221;<\/strong><\/p>\n\n\n\n<p>Fundacja Pro Salute Omnium &#8211; zorganizowa\u0142a bezp\u0142atne badania profilaktyczne nerek w p\/n zakresach:<\/p>\n\n\n\n<p>a) obliczenie czynnika GFR, czyli pomiar st\u0119\u017cenia kreatyniny we krwi;<\/p>\n\n\n\n<p>b) testy na obecno\u015b\u0107 albuminy w moczu;<\/p>\n\n\n\n<p>c) pomiar ci\u015bnienia t\u0119tniczego krwi,<\/p>\n\n\n\n<p>na terenie stacji dializ w Zawierciu przy ul. 11 Listopada 2\/4<\/p>\n\n\n\n<figure class=\"wp-block-image size-full\"><img fetchpriority=\"high\" decoding=\"async\" width=\"5125\" height=\"2888\" src=\"http:\/\/fundacjaprosaluteomnium.pl\/wp-content\/uploads\/2023\/11\/bezplatne-badania-2.png\" alt=\"\" class=\"wp-image-250\" srcset=\"https:\/\/fundacjaprosaluteomnium.pl\/wp-content\/uploads\/2023\/11\/bezplatne-badania-2.png 5125w, https:\/\/fundacjaprosaluteomnium.pl\/wp-content\/uploads\/2023\/11\/bezplatne-badania-2-300x169.png 300w, https:\/\/fundacjaprosaluteomnium.pl\/wp-content\/uploads\/2023\/11\/bezplatne-badania-2-1024x577.png 1024w, https:\/\/fundacjaprosaluteomnium.pl\/wp-content\/uploads\/2023\/11\/bezplatne-badania-2-768x433.png 768w, https:\/\/fundacjaprosaluteomnium.pl\/wp-content\/uploads\/2023\/11\/bezplatne-badania-2-1536x866.png 1536w, https:\/\/fundacjaprosaluteomnium.pl\/wp-content\/uploads\/2023\/11\/bezplatne-badania-2-2048x1154.png 2048w\" sizes=\"(max-width: 5125px) 100vw, 5125px\" \/><\/figure>\n","protected":false},"excerpt":{"rendered":"<p>status wydarzenia: zako\u0144czone sukcesem pt. &#8222;ZDROWE NERKI&#8221; Fundacja Pro Salute Omnium &#8211; zorganizowa\u0142a bezp\u0142atne badania profilaktyczne nerek w p\/n zakresach: a) obliczenie czynnika GFR, czyli pomiar st\u0119\u017cenia kreatyniny we krwi; b) testy na obecno\u015b\u0107 albuminy w moczu; c) pomiar ci\u015bnienia t\u0119tniczego krwi, na terenie stacji dializ w Zawierciu przy ul. 11 Listopada 2\/4<\/p>\n","protected":false},"author":1,"featured_media":0,"parent":0,"menu_order":0,"comment_status":"closed","ping_status":"closed","template":"","meta":{"footnotes":""},"class_list":["post-242","page","type-page","status-publish","hentry"],"yoast_head":"<!-- This site is optimized with the Yoast SEO plugin v27.3 - https:\/\/yoast.com\/product\/yoast-seo-wordpress\/ -->\n<title>BEZP\u0141ATNE BADANIA PROFILAKTYCZNE NEREK - Fundacja Pro Salute Omnium<\/title>\n<meta name=\"robots\" content=\"index, follow, max-snippet:-1, max-image-preview:large, max-video-preview:-1\" \/>\n<link rel=\"canonical\" href=\"https:\/\/fundacjaprosaluteomnium.pl\/index.php\/bezplatne-badania-profilaktyczne-nerek\/\" \/>\n<meta property=\"og:locale\" content=\"pl_PL\" \/>\n<meta property=\"og:type\" content=\"article\" \/>\n<meta property=\"og:title\" content=\"BEZP\u0141ATNE BADANIA PROFILAKTYCZNE NEREK - Fundacja Pro Salute Omnium\" \/>\n<meta property=\"og:description\" content=\"status wydarzenia: zako\u0144czone sukcesem pt. &#8222;ZDROWE NERKI&#8221; Fundacja Pro Salute Omnium &#8211; zorganizowa\u0142a bezp\u0142atne badania profilaktyczne nerek w p\/n zakresach: a) obliczenie czynnika GFR, czyli pomiar st\u0119\u017cenia kreatyniny we krwi; b) testy na obecno\u015b\u0107 albuminy w moczu; c) pomiar ci\u015bnienia t\u0119tniczego krwi, na terenie stacji dializ w Zawierciu przy ul. 11 Listopada 2\/4\" \/>\n<meta property=\"og:url\" content=\"https:\/\/fundacjaprosaluteomnium.pl\/index.php\/bezplatne-badania-profilaktyczne-nerek\/\" \/>\n<meta property=\"og:site_name\" content=\"Fundacja Pro Salute Omnium\" \/>\n<meta property=\"article:modified_time\" content=\"2023-11-20T14:08:50+00:00\" \/>\n<meta property=\"og:image\" content=\"http:\/\/fundacjaprosaluteomnium.pl\/wp-content\/uploads\/2023\/11\/bezplatne-badania-2.png\" \/>\n<meta name=\"twitter:card\" content=\"summary_large_image\" \/>\n<meta name=\"twitter:label1\" content=\"Szacowany czas czytania\" \/>\n\t<meta name=\"twitter:data1\" content=\"1 minuta\" \/>\n<script type=\"application\/ld+json\" class=\"yoast-schema-graph\">{\"@context\":\"https:\\\/\\\/schema.org\",\"@graph\":[{\"@type\":\"WebPage\",\"@id\":\"https:\\\/\\\/fundacjaprosaluteomnium.pl\\\/index.php\\\/bezplatne-badania-profilaktyczne-nerek\\\/\",\"url\":\"https:\\\/\\\/fundacjaprosaluteomnium.pl\\\/index.php\\\/bezplatne-badania-profilaktyczne-nerek\\\/\",\"name\":\"BEZP\u0141ATNE BADANIA PROFILAKTYCZNE NEREK - Fundacja Pro Salute Omnium\",\"isPartOf\":{\"@id\":\"https:\\\/\\\/fundacjaprosaluteomnium.pl\\\/#website\"},\"primaryImageOfPage\":{\"@id\":\"https:\\\/\\\/fundacjaprosaluteomnium.pl\\\/index.php\\\/bezplatne-badania-profilaktyczne-nerek\\\/#primaryimage\"},\"image\":{\"@id\":\"https:\\\/\\\/fundacjaprosaluteomnium.pl\\\/index.php\\\/bezplatne-badania-profilaktyczne-nerek\\\/#primaryimage\"},\"thumbnailUrl\":\"http:\\\/\\\/fundacjaprosaluteomnium.pl\\\/wp-content\\\/uploads\\\/2023\\\/11\\\/bezplatne-badania-2.png\",\"datePublished\":\"2023-11-20T13:41:33+00:00\",\"dateModified\":\"2023-11-20T14:08:50+00:00\",\"breadcrumb\":{\"@id\":\"https:\\\/\\\/fundacjaprosaluteomnium.pl\\\/index.php\\\/bezplatne-badania-profilaktyczne-nerek\\\/#breadcrumb\"},\"inLanguage\":\"pl-PL\",\"potentialAction\":[{\"@type\":\"ReadAction\",\"target\":[\"https:\\\/\\\/fundacjaprosaluteomnium.pl\\\/index.php\\\/bezplatne-badania-profilaktyczne-nerek\\\/\"]}]},{\"@type\":\"ImageObject\",\"inLanguage\":\"pl-PL\",\"@id\":\"https:\\\/\\\/fundacjaprosaluteomnium.pl\\\/index.php\\\/bezplatne-badania-profilaktyczne-nerek\\\/#primaryimage\",\"url\":\"https:\\\/\\\/fundacjaprosaluteomnium.pl\\\/wp-content\\\/uploads\\\/2023\\\/11\\\/bezplatne-badania-2.png\",\"contentUrl\":\"https:\\\/\\\/fundacjaprosaluteomnium.pl\\\/wp-content\\\/uploads\\\/2023\\\/11\\\/bezplatne-badania-2.png\",\"width\":5125,\"height\":2888},{\"@type\":\"BreadcrumbList\",\"@id\":\"https:\\\/\\\/fundacjaprosaluteomnium.pl\\\/index.php\\\/bezplatne-badania-profilaktyczne-nerek\\\/#breadcrumb\",\"itemListElement\":[{\"@type\":\"ListItem\",\"position\":1,\"name\":\"Home\",\"item\":\"https:\\\/\\\/fundacjaprosaluteomnium.pl\\\/\"},{\"@type\":\"ListItem\",\"position\":2,\"name\":\"BEZP\u0141ATNE BADANIA PROFILAKTYCZNE NEREK\"}]},{\"@type\":\"WebSite\",\"@id\":\"https:\\\/\\\/fundacjaprosaluteomnium.pl\\\/#website\",\"url\":\"https:\\\/\\\/fundacjaprosaluteomnium.pl\\\/\",\"name\":\"Fundacja Pro Salute Omnium\",\"description\":\"\",\"publisher\":{\"@id\":\"https:\\\/\\\/fundacjaprosaluteomnium.pl\\\/#organization\"},\"potentialAction\":[{\"@type\":\"SearchAction\",\"target\":{\"@type\":\"EntryPoint\",\"urlTemplate\":\"https:\\\/\\\/fundacjaprosaluteomnium.pl\\\/?s={search_term_string}\"},\"query-input\":{\"@type\":\"PropertyValueSpecification\",\"valueRequired\":true,\"valueName\":\"search_term_string\"}}],\"inLanguage\":\"pl-PL\"},{\"@type\":\"Organization\",\"@id\":\"https:\\\/\\\/fundacjaprosaluteomnium.pl\\\/#organization\",\"name\":\"Fundacja Pro Salute Omnium\",\"url\":\"https:\\\/\\\/fundacjaprosaluteomnium.pl\\\/\",\"logo\":{\"@type\":\"ImageObject\",\"inLanguage\":\"pl-PL\",\"@id\":\"https:\\\/\\\/fundacjaprosaluteomnium.pl\\\/#\\\/schema\\\/logo\\\/image\\\/\",\"url\":\"https:\\\/\\\/fundacjaprosaluteomnium.pl\\\/wp-content\\\/uploads\\\/2023\\\/11\\\/LOG180x180-1.png\",\"contentUrl\":\"https:\\\/\\\/fundacjaprosaluteomnium.pl\\\/wp-content\\\/uploads\\\/2023\\\/11\\\/LOG180x180-1.png\",\"width\":180,\"height\":180,\"caption\":\"Fundacja Pro Salute Omnium\"},\"image\":{\"@id\":\"https:\\\/\\\/fundacjaprosaluteomnium.pl\\\/#\\\/schema\\\/logo\\\/image\\\/\"}}]}<\/script>\n<!-- \/ Yoast SEO plugin. -->","yoast_head_json":{"title":"BEZP\u0141ATNE BADANIA PROFILAKTYCZNE NEREK - Fundacja Pro Salute Omnium","robots":{"index":"index","follow":"follow","max-snippet":"max-snippet:-1","max-image-preview":"max-image-preview:large","max-video-preview":"max-video-preview:-1"},"canonical":"https:\/\/fundacjaprosaluteomnium.pl\/index.php\/bezplatne-badania-profilaktyczne-nerek\/","og_locale":"pl_PL","og_type":"article","og_title":"BEZP\u0141ATNE BADANIA PROFILAKTYCZNE NEREK - Fundacja Pro Salute Omnium","og_description":"status wydarzenia: zako\u0144czone sukcesem pt. &#8222;ZDROWE NERKI&#8221; Fundacja Pro Salute Omnium &#8211; zorganizowa\u0142a bezp\u0142atne badania profilaktyczne nerek w p\/n zakresach: a) obliczenie czynnika GFR, czyli pomiar st\u0119\u017cenia kreatyniny we krwi; b) testy na obecno\u015b\u0107 albuminy w moczu; c) pomiar ci\u015bnienia t\u0119tniczego krwi, na terenie stacji dializ w Zawierciu przy ul. 11 Listopada 2\/4","og_url":"https:\/\/fundacjaprosaluteomnium.pl\/index.php\/bezplatne-badania-profilaktyczne-nerek\/","og_site_name":"Fundacja Pro Salute Omnium","article_modified_time":"2023-11-20T14:08:50+00:00","og_image":[{"url":"http:\/\/fundacjaprosaluteomnium.pl\/wp-content\/uploads\/2023\/11\/bezplatne-badania-2.png","type":"","width":"","height":""}],"twitter_card":"summary_large_image","twitter_misc":{"Szacowany czas czytania":"1 minuta"},"schema":{"@context":"https:\/\/schema.org","@graph":[{"@type":"WebPage","@id":"https:\/\/fundacjaprosaluteomnium.pl\/index.php\/bezplatne-badania-profilaktyczne-nerek\/","url":"https:\/\/fundacjaprosaluteomnium.pl\/index.php\/bezplatne-badania-profilaktyczne-nerek\/","name":"BEZP\u0141ATNE BADANIA PROFILAKTYCZNE NEREK - Fundacja Pro Salute Omnium","isPartOf":{"@id":"https:\/\/fundacjaprosaluteomnium.pl\/#website"},"primaryImageOfPage":{"@id":"https:\/\/fundacjaprosaluteomnium.pl\/index.php\/bezplatne-badania-profilaktyczne-nerek\/#primaryimage"},"image":{"@id":"https:\/\/fundacjaprosaluteomnium.pl\/index.php\/bezplatne-badania-profilaktyczne-nerek\/#primaryimage"},"thumbnailUrl":"http:\/\/fundacjaprosaluteomnium.pl\/wp-content\/uploads\/2023\/11\/bezplatne-badania-2.png","datePublished":"2023-11-20T13:41:33+00:00","dateModified":"2023-11-20T14:08:50+00:00","breadcrumb":{"@id":"https:\/\/fundacjaprosaluteomnium.pl\/index.php\/bezplatne-badania-profilaktyczne-nerek\/#breadcrumb"},"inLanguage":"pl-PL","potentialAction":[{"@type":"ReadAction","target":["https:\/\/fundacjaprosaluteomnium.pl\/index.php\/bezplatne-badania-profilaktyczne-nerek\/"]}]},{"@type":"ImageObject","inLanguage":"pl-PL","@id":"https:\/\/fundacjaprosaluteomnium.pl\/index.php\/bezplatne-badania-profilaktyczne-nerek\/#primaryimage","url":"https:\/\/fundacjaprosaluteomnium.pl\/wp-content\/uploads\/2023\/11\/bezplatne-badania-2.png","contentUrl":"https:\/\/fundacjaprosaluteomnium.pl\/wp-content\/uploads\/2023\/11\/bezplatne-badania-2.png","width":5125,"height":2888},{"@type":"BreadcrumbList","@id":"https:\/\/fundacjaprosaluteomnium.pl\/index.php\/bezplatne-badania-profilaktyczne-nerek\/#breadcrumb","itemListElement":[{"@type":"ListItem","position":1,"name":"Home","item":"https:\/\/fundacjaprosaluteomnium.pl\/"},{"@type":"ListItem","position":2,"name":"BEZP\u0141ATNE BADANIA PROFILAKTYCZNE NEREK"}]},{"@type":"WebSite","@id":"https:\/\/fundacjaprosaluteomnium.pl\/#website","url":"https:\/\/fundacjaprosaluteomnium.pl\/","name":"Fundacja Pro Salute Omnium","description":"","publisher":{"@id":"https:\/\/fundacjaprosaluteomnium.pl\/#organization"},"potentialAction":[{"@type":"SearchAction","target":{"@type":"EntryPoint","urlTemplate":"https:\/\/fundacjaprosaluteomnium.pl\/?s={search_term_string}"},"query-input":{"@type":"PropertyValueSpecification","valueRequired":true,"valueName":"search_term_string"}}],"inLanguage":"pl-PL"},{"@type":"Organization","@id":"https:\/\/fundacjaprosaluteomnium.pl\/#organization","name":"Fundacja Pro Salute Omnium","url":"https:\/\/fundacjaprosaluteomnium.pl\/","logo":{"@type":"ImageObject","inLanguage":"pl-PL","@id":"https:\/\/fundacjaprosaluteomnium.pl\/#\/schema\/logo\/image\/","url":"https:\/\/fundacjaprosaluteomnium.pl\/wp-content\/uploads\/2023\/11\/LOG180x180-1.png","contentUrl":"https:\/\/fundacjaprosaluteomnium.pl\/wp-content\/uploads\/2023\/11\/LOG180x180-1.png","width":180,"height":180,"caption":"Fundacja Pro Salute Omnium"},"image":{"@id":"https:\/\/fundacjaprosaluteomnium.pl\/#\/schema\/logo\/image\/"}}]}},"_links":{"self":[{"href":"https:\/\/fundacjaprosaluteomnium.pl\/index.php\/wp-json\/wp\/v2\/pages\/242","targetHints":{"allow":["GET"]}}],"collection":[{"href":"https:\/\/fundacjaprosaluteomnium.pl\/index.php\/wp-json\/wp\/v2\/pages"}],"about":[{"href":"https:\/\/fundacjaprosaluteomnium.pl\/index.php\/wp-json\/wp\/v2\/types\/page"}],"author":[{"embeddable":true,"href":"https:\/\/fundacjaprosaluteomnium.pl\/index.php\/wp-json\/wp\/v2\/users\/1"}],"replies":[{"embeddable":true,"href":"https:\/\/fundacjaprosaluteomnium.pl\/index.php\/wp-json\/wp\/v2\/comments?post=242"}],"version-history":[{"count":4,"href":"https:\/\/fundacjaprosaluteomnium.pl\/index.php\/wp-json\/wp\/v2\/pages\/242\/revisions"}],"predecessor-version":[{"id":254,"href":"https:\/\/fundacjaprosaluteomnium.pl\/index.php\/wp-json\/wp\/v2\/pages\/242\/revisions\/254"}],"wp:attachment":[{"href":"https:\/\/fundacjaprosaluteomnium.pl\/index.php\/wp-json\/wp\/v2\/media?parent=242"}],"curies":[{"name":"wp","href":"https:\/\/api.w.org\/{rel}","templated":true}]}}