{"id":276,"date":"2024-01-15T09:02:14","date_gmt":"2024-01-15T08:02:14","guid":{"rendered":"https:\/\/fundacjaprosaluteomnium.pl\/?page_id=276"},"modified":"2024-01-15T09:20:26","modified_gmt":"2024-01-15T08:20:26","slug":"pomoc-dla-ukrainy","status":"publish","type":"page","link":"https:\/\/fundacjaprosaluteomnium.pl\/index.php\/pomoc-dla-ukrainy\/","title":{"rendered":"POMOC DLA UKRAINY"},"content":{"rendered":"\n<p>status wydarzenia: <strong>zako\u0144czone sukcesem<\/strong><\/p>\n\n\n\n<p>pt. : <strong>&#8222;Pomagam Ukrainie&#8221;<\/strong><\/p>\n\n\n\n<figure class=\"wp-block-image size-large\"><img fetchpriority=\"high\" decoding=\"async\" width=\"1024\" height=\"859\" src=\"https:\/\/fundacjaprosaluteomnium.pl\/wp-content\/uploads\/2024\/01\/UA-1024x859.png\" alt=\"\" class=\"wp-image-280\" srcset=\"https:\/\/fundacjaprosaluteomnium.pl\/wp-content\/uploads\/2024\/01\/UA-1024x859.png 1024w, https:\/\/fundacjaprosaluteomnium.pl\/wp-content\/uploads\/2024\/01\/UA-300x252.png 300w, https:\/\/fundacjaprosaluteomnium.pl\/wp-content\/uploads\/2024\/01\/UA-768x644.png 768w, https:\/\/fundacjaprosaluteomnium.pl\/wp-content\/uploads\/2024\/01\/UA.png 1469w\" sizes=\"(max-width: 1024px) 100vw, 1024px\" \/><\/figure>\n\n\n\n<p><\/p>\n\n\n\n<p>Opis wydarzenia:<\/p>\n\n\n\n<ol class=\"wp-block-list\">\n<li>dokonano darowizny pieni\u0119\u017cnej na rzecz <strong>Fundacji Cross Borders<\/strong> na realizacj\u0119 zakupu \u015brodk\u00f3w medycznych dla walcz\u0105cych na froncie w Ukrainie \u017co\u0142nierzy oraz zabezpieczenie ich transportu i dystrybucji;<\/li>\n\n\n\n<li>przekazano darowizn\u0119 pieni\u0119\u017cn\u0105 na rzecz organizacji <strong>Polska Misja Humanitarna<\/strong> na pomoc humanitarn\u0105 Ukrainie.<\/li>\n<\/ol>\n","protected":false},"excerpt":{"rendered":"<p>status wydarzenia: zako\u0144czone sukcesem pt. : &#8222;Pomagam Ukrainie&#8221; Opis wydarzenia:<\/p>\n","protected":false},"author":1,"featured_media":0,"parent":0,"menu_order":0,"comment_status":"closed","ping_status":"closed","template":"","meta":{"footnotes":""},"class_list":["post-276","page","type-page","status-publish","hentry"],"yoast_head":"<!-- This site is optimized with the Yoast SEO plugin v27.3 - https:\/\/yoast.com\/product\/yoast-seo-wordpress\/ -->\n<title>POMOC DLA UKRAINY - Fundacja Pro Salute Omnium<\/title>\n<meta name=\"robots\" content=\"index, follow, max-snippet:-1, max-image-preview:large, max-video-preview:-1\" \/>\n<link rel=\"canonical\" href=\"https:\/\/fundacjaprosaluteomnium.pl\/index.php\/pomoc-dla-ukrainy\/\" \/>\n<meta property=\"og:locale\" content=\"pl_PL\" \/>\n<meta property=\"og:type\" content=\"article\" \/>\n<meta property=\"og:title\" content=\"POMOC DLA UKRAINY - Fundacja Pro Salute Omnium\" \/>\n<meta property=\"og:description\" content=\"status wydarzenia: zako\u0144czone sukcesem pt. : &#8222;Pomagam Ukrainie&#8221; Opis wydarzenia:\" \/>\n<meta property=\"og:url\" content=\"https:\/\/fundacjaprosaluteomnium.pl\/index.php\/pomoc-dla-ukrainy\/\" \/>\n<meta property=\"og:site_name\" content=\"Fundacja Pro Salute Omnium\" \/>\n<meta property=\"article:modified_time\" content=\"2024-01-15T08:20:26+00:00\" \/>\n<meta property=\"og:image\" content=\"https:\/\/fundacjaprosaluteomnium.pl\/wp-content\/uploads\/2024\/01\/UA-1024x859.png\" \/>\n<meta name=\"twitter:card\" content=\"summary_large_image\" \/>\n<meta name=\"twitter:label1\" content=\"Szacowany czas czytania\" \/>\n\t<meta name=\"twitter:data1\" content=\"1 minuta\" \/>\n<script type=\"application\/ld+json\" class=\"yoast-schema-graph\">{\"@context\":\"https:\\\/\\\/schema.org\",\"@graph\":[{\"@type\":\"WebPage\",\"@id\":\"https:\\\/\\\/fundacjaprosaluteomnium.pl\\\/index.php\\\/pomoc-dla-ukrainy\\\/\",\"url\":\"https:\\\/\\\/fundacjaprosaluteomnium.pl\\\/index.php\\\/pomoc-dla-ukrainy\\\/\",\"name\":\"POMOC DLA UKRAINY - Fundacja Pro Salute Omnium\",\"isPartOf\":{\"@id\":\"https:\\\/\\\/fundacjaprosaluteomnium.pl\\\/#website\"},\"primaryImageOfPage\":{\"@id\":\"https:\\\/\\\/fundacjaprosaluteomnium.pl\\\/index.php\\\/pomoc-dla-ukrainy\\\/#primaryimage\"},\"image\":{\"@id\":\"https:\\\/\\\/fundacjaprosaluteomnium.pl\\\/index.php\\\/pomoc-dla-ukrainy\\\/#primaryimage\"},\"thumbnailUrl\":\"https:\\\/\\\/fundacjaprosaluteomnium.pl\\\/wp-content\\\/uploads\\\/2024\\\/01\\\/UA-1024x859.png\",\"datePublished\":\"2024-01-15T08:02:14+00:00\",\"dateModified\":\"2024-01-15T08:20:26+00:00\",\"breadcrumb\":{\"@id\":\"https:\\\/\\\/fundacjaprosaluteomnium.pl\\\/index.php\\\/pomoc-dla-ukrainy\\\/#breadcrumb\"},\"inLanguage\":\"pl-PL\",\"potentialAction\":[{\"@type\":\"ReadAction\",\"target\":[\"https:\\\/\\\/fundacjaprosaluteomnium.pl\\\/index.php\\\/pomoc-dla-ukrainy\\\/\"]}]},{\"@type\":\"ImageObject\",\"inLanguage\":\"pl-PL\",\"@id\":\"https:\\\/\\\/fundacjaprosaluteomnium.pl\\\/index.php\\\/pomoc-dla-ukrainy\\\/#primaryimage\",\"url\":\"https:\\\/\\\/fundacjaprosaluteomnium.pl\\\/wp-content\\\/uploads\\\/2024\\\/01\\\/UA.png\",\"contentUrl\":\"https:\\\/\\\/fundacjaprosaluteomnium.pl\\\/wp-content\\\/uploads\\\/2024\\\/01\\\/UA.png\",\"width\":1469,\"height\":1232},{\"@type\":\"BreadcrumbList\",\"@id\":\"https:\\\/\\\/fundacjaprosaluteomnium.pl\\\/index.php\\\/pomoc-dla-ukrainy\\\/#breadcrumb\",\"itemListElement\":[{\"@type\":\"ListItem\",\"position\":1,\"name\":\"Home\",\"item\":\"https:\\\/\\\/fundacjaprosaluteomnium.pl\\\/\"},{\"@type\":\"ListItem\",\"position\":2,\"name\":\"POMOC DLA UKRAINY\"}]},{\"@type\":\"WebSite\",\"@id\":\"https:\\\/\\\/fundacjaprosaluteomnium.pl\\\/#website\",\"url\":\"https:\\\/\\\/fundacjaprosaluteomnium.pl\\\/\",\"name\":\"Fundacja Pro Salute Omnium\",\"description\":\"\",\"publisher\":{\"@id\":\"https:\\\/\\\/fundacjaprosaluteomnium.pl\\\/#organization\"},\"potentialAction\":[{\"@type\":\"SearchAction\",\"target\":{\"@type\":\"EntryPoint\",\"urlTemplate\":\"https:\\\/\\\/fundacjaprosaluteomnium.pl\\\/?s={search_term_string}\"},\"query-input\":{\"@type\":\"PropertyValueSpecification\",\"valueRequired\":true,\"valueName\":\"search_term_string\"}}],\"inLanguage\":\"pl-PL\"},{\"@type\":\"Organization\",\"@id\":\"https:\\\/\\\/fundacjaprosaluteomnium.pl\\\/#organization\",\"name\":\"Fundacja Pro Salute Omnium\",\"url\":\"https:\\\/\\\/fundacjaprosaluteomnium.pl\\\/\",\"logo\":{\"@type\":\"ImageObject\",\"inLanguage\":\"pl-PL\",\"@id\":\"https:\\\/\\\/fundacjaprosaluteomnium.pl\\\/#\\\/schema\\\/logo\\\/image\\\/\",\"url\":\"https:\\\/\\\/fundacjaprosaluteomnium.pl\\\/wp-content\\\/uploads\\\/2023\\\/11\\\/LOG180x180-1.png\",\"contentUrl\":\"https:\\\/\\\/fundacjaprosaluteomnium.pl\\\/wp-content\\\/uploads\\\/2023\\\/11\\\/LOG180x180-1.png\",\"width\":180,\"height\":180,\"caption\":\"Fundacja Pro Salute Omnium\"},\"image\":{\"@id\":\"https:\\\/\\\/fundacjaprosaluteomnium.pl\\\/#\\\/schema\\\/logo\\\/image\\\/\"}}]}<\/script>\n<!-- \/ Yoast SEO plugin. -->","yoast_head_json":{"title":"POMOC DLA UKRAINY - Fundacja Pro Salute Omnium","robots":{"index":"index","follow":"follow","max-snippet":"max-snippet:-1","max-image-preview":"max-image-preview:large","max-video-preview":"max-video-preview:-1"},"canonical":"https:\/\/fundacjaprosaluteomnium.pl\/index.php\/pomoc-dla-ukrainy\/","og_locale":"pl_PL","og_type":"article","og_title":"POMOC DLA UKRAINY - Fundacja Pro Salute Omnium","og_description":"status wydarzenia: zako\u0144czone sukcesem pt. : &#8222;Pomagam Ukrainie&#8221; Opis wydarzenia:","og_url":"https:\/\/fundacjaprosaluteomnium.pl\/index.php\/pomoc-dla-ukrainy\/","og_site_name":"Fundacja Pro Salute Omnium","article_modified_time":"2024-01-15T08:20:26+00:00","og_image":[{"url":"https:\/\/fundacjaprosaluteomnium.pl\/wp-content\/uploads\/2024\/01\/UA-1024x859.png","type":"","width":"","height":""}],"twitter_card":"summary_large_image","twitter_misc":{"Szacowany czas czytania":"1 minuta"},"schema":{"@context":"https:\/\/schema.org","@graph":[{"@type":"WebPage","@id":"https:\/\/fundacjaprosaluteomnium.pl\/index.php\/pomoc-dla-ukrainy\/","url":"https:\/\/fundacjaprosaluteomnium.pl\/index.php\/pomoc-dla-ukrainy\/","name":"POMOC DLA UKRAINY - Fundacja Pro Salute Omnium","isPartOf":{"@id":"https:\/\/fundacjaprosaluteomnium.pl\/#website"},"primaryImageOfPage":{"@id":"https:\/\/fundacjaprosaluteomnium.pl\/index.php\/pomoc-dla-ukrainy\/#primaryimage"},"image":{"@id":"https:\/\/fundacjaprosaluteomnium.pl\/index.php\/pomoc-dla-ukrainy\/#primaryimage"},"thumbnailUrl":"https:\/\/fundacjaprosaluteomnium.pl\/wp-content\/uploads\/2024\/01\/UA-1024x859.png","datePublished":"2024-01-15T08:02:14+00:00","dateModified":"2024-01-15T08:20:26+00:00","breadcrumb":{"@id":"https:\/\/fundacjaprosaluteomnium.pl\/index.php\/pomoc-dla-ukrainy\/#breadcrumb"},"inLanguage":"pl-PL","potentialAction":[{"@type":"ReadAction","target":["https:\/\/fundacjaprosaluteomnium.pl\/index.php\/pomoc-dla-ukrainy\/"]}]},{"@type":"ImageObject","inLanguage":"pl-PL","@id":"https:\/\/fundacjaprosaluteomnium.pl\/index.php\/pomoc-dla-ukrainy\/#primaryimage","url":"https:\/\/fundacjaprosaluteomnium.pl\/wp-content\/uploads\/2024\/01\/UA.png","contentUrl":"https:\/\/fundacjaprosaluteomnium.pl\/wp-content\/uploads\/2024\/01\/UA.png","width":1469,"height":1232},{"@type":"BreadcrumbList","@id":"https:\/\/fundacjaprosaluteomnium.pl\/index.php\/pomoc-dla-ukrainy\/#breadcrumb","itemListElement":[{"@type":"ListItem","position":1,"name":"Home","item":"https:\/\/fundacjaprosaluteomnium.pl\/"},{"@type":"ListItem","position":2,"name":"POMOC DLA UKRAINY"}]},{"@type":"WebSite","@id":"https:\/\/fundacjaprosaluteomnium.pl\/#website","url":"https:\/\/fundacjaprosaluteomnium.pl\/","name":"Fundacja Pro Salute Omnium","description":"","publisher":{"@id":"https:\/\/fundacjaprosaluteomnium.pl\/#organization"},"potentialAction":[{"@type":"SearchAction","target":{"@type":"EntryPoint","urlTemplate":"https:\/\/fundacjaprosaluteomnium.pl\/?s={search_term_string}"},"query-input":{"@type":"PropertyValueSpecification","valueRequired":true,"valueName":"search_term_string"}}],"inLanguage":"pl-PL"},{"@type":"Organization","@id":"https:\/\/fundacjaprosaluteomnium.pl\/#organization","name":"Fundacja Pro Salute Omnium","url":"https:\/\/fundacjaprosaluteomnium.pl\/","logo":{"@type":"ImageObject","inLanguage":"pl-PL","@id":"https:\/\/fundacjaprosaluteomnium.pl\/#\/schema\/logo\/image\/","url":"https:\/\/fundacjaprosaluteomnium.pl\/wp-content\/uploads\/2023\/11\/LOG180x180-1.png","contentUrl":"https:\/\/fundacjaprosaluteomnium.pl\/wp-content\/uploads\/2023\/11\/LOG180x180-1.png","width":180,"height":180,"caption":"Fundacja Pro Salute Omnium"},"image":{"@id":"https:\/\/fundacjaprosaluteomnium.pl\/#\/schema\/logo\/image\/"}}]}},"_links":{"self":[{"href":"https:\/\/fundacjaprosaluteomnium.pl\/index.php\/wp-json\/wp\/v2\/pages\/276","targetHints":{"allow":["GET"]}}],"collection":[{"href":"https:\/\/fundacjaprosaluteomnium.pl\/index.php\/wp-json\/wp\/v2\/pages"}],"about":[{"href":"https:\/\/fundacjaprosaluteomnium.pl\/index.php\/wp-json\/wp\/v2\/types\/page"}],"author":[{"embeddable":true,"href":"https:\/\/fundacjaprosaluteomnium.pl\/index.php\/wp-json\/wp\/v2\/users\/1"}],"replies":[{"embeddable":true,"href":"https:\/\/fundacjaprosaluteomnium.pl\/index.php\/wp-json\/wp\/v2\/comments?post=276"}],"version-history":[{"count":3,"href":"https:\/\/fundacjaprosaluteomnium.pl\/index.php\/wp-json\/wp\/v2\/pages\/276\/revisions"}],"predecessor-version":[{"id":282,"href":"https:\/\/fundacjaprosaluteomnium.pl\/index.php\/wp-json\/wp\/v2\/pages\/276\/revisions\/282"}],"wp:attachment":[{"href":"https:\/\/fundacjaprosaluteomnium.pl\/index.php\/wp-json\/wp\/v2\/media?parent=276"}],"curies":[{"name":"wp","href":"https:\/\/api.w.org\/{rel}","templated":true}]}}