{"id":291,"date":"2024-05-29T12:21:08","date_gmt":"2024-05-29T10:21:08","guid":{"rendered":"https:\/\/fundacjaprosaluteomnium.pl\/?page_id=291"},"modified":"2024-05-29T12:38:54","modified_gmt":"2024-05-29T10:38:54","slug":"dzien-dziecka-w-laskim-szpitalu","status":"publish","type":"page","link":"https:\/\/fundacjaprosaluteomnium.pl\/index.php\/dzien-dziecka-w-laskim-szpitalu\/","title":{"rendered":"DZIE\u0143 DZIECKA W \u0141ASKIM SZPITALU"},"content":{"rendered":"\n<p>W dniu 28-05-2024 r. z okazji nadchodz\u0105cego Dnia Dziecka odwiedzili\u015bmy ma\u0142ych pacjent\u00f3w Szpitala Powiatowego w \u0141asku. By\u0142o sporo dobrej zabawy, a tak\u017ce prezenty. <\/p>\n\n\n\n<p>Wszystkim dzieciom jeszcze raz \u017cyczymy szybkiego powrotu do zdrowia i jak najwi\u0119cej rado\u015bci. <\/p>\n\n\n\n<div class=\"wp-block-group\"><div class=\"wp-block-group__inner-container is-layout-constrained wp-block-group-is-layout-constrained\">\n<div class=\"wp-block-columns is-layout-flex wp-container-core-columns-is-layout-9d6595d7 wp-block-columns-is-layout-flex\">\n<div class=\"wp-block-column is-layout-flow wp-block-column-is-layout-flow\" style=\"flex-basis:100%\"><\/div>\n<\/div>\n\n\n\n<div class=\"wp-block-columns is-layout-flex wp-container-core-columns-is-layout-9d6595d7 wp-block-columns-is-layout-flex\">\n<div class=\"wp-block-column is-layout-flow wp-block-column-is-layout-flow\">\n<figure class=\"wp-block-image size-large\"><img fetchpriority=\"high\" decoding=\"async\" width=\"731\" height=\"1024\" src=\"https:\/\/fundacjaprosaluteomnium.pl\/wp-content\/uploads\/2024\/05\/64987493-91CA-4079-9D77-1BCF6C4033C8-3-731x1024.jpeg\" alt=\"\" class=\"wp-image-302\" srcset=\"https:\/\/fundacjaprosaluteomnium.pl\/wp-content\/uploads\/2024\/05\/64987493-91CA-4079-9D77-1BCF6C4033C8-3-731x1024.jpeg 731w, https:\/\/fundacjaprosaluteomnium.pl\/wp-content\/uploads\/2024\/05\/64987493-91CA-4079-9D77-1BCF6C4033C8-3-214x300.jpeg 214w, https:\/\/fundacjaprosaluteomnium.pl\/wp-content\/uploads\/2024\/05\/64987493-91CA-4079-9D77-1BCF6C4033C8-3-768x1076.jpeg 768w, https:\/\/fundacjaprosaluteomnium.pl\/wp-content\/uploads\/2024\/05\/64987493-91CA-4079-9D77-1BCF6C4033C8-3.jpeg 914w\" sizes=\"(max-width: 731px) 100vw, 731px\" \/><\/figure>\n<\/div>\n\n\n\n<div class=\"wp-block-column is-layout-flow wp-block-column-is-layout-flow\">\n<figure class=\"wp-block-image size-large\"><img decoding=\"async\" width=\"731\" height=\"1024\" src=\"https:\/\/fundacjaprosaluteomnium.pl\/wp-content\/uploads\/2024\/05\/AF06E75C-9C35-4C51-ADE5-80B21068F518-731x1024.jpeg\" alt=\"\" class=\"wp-image-303\" srcset=\"https:\/\/fundacjaprosaluteomnium.pl\/wp-content\/uploads\/2024\/05\/AF06E75C-9C35-4C51-ADE5-80B21068F518-731x1024.jpeg 731w, https:\/\/fundacjaprosaluteomnium.pl\/wp-content\/uploads\/2024\/05\/AF06E75C-9C35-4C51-ADE5-80B21068F518-214x300.jpeg 214w, https:\/\/fundacjaprosaluteomnium.pl\/wp-content\/uploads\/2024\/05\/AF06E75C-9C35-4C51-ADE5-80B21068F518-768x1076.jpeg 768w, https:\/\/fundacjaprosaluteomnium.pl\/wp-content\/uploads\/2024\/05\/AF06E75C-9C35-4C51-ADE5-80B21068F518.jpeg 914w\" sizes=\"(max-width: 731px) 100vw, 731px\" \/><\/figure>\n<\/div>\n<\/div>\n<\/div><\/div>\n\n\n\n<p><\/p>\n\n\n\n<div class=\"wp-block-columns is-layout-flex wp-container-core-columns-is-layout-9d6595d7 wp-block-columns-is-layout-flex\">\n<div class=\"wp-block-column is-layout-flow wp-block-column-is-layout-flow\">\n<figure class=\"wp-block-image size-large\"><img decoding=\"async\" width=\"731\" height=\"1024\" src=\"https:\/\/fundacjaprosaluteomnium.pl\/wp-content\/uploads\/2024\/05\/5A3596F4-E3E3-452E-92C4-D074D9A45622-2-731x1024.jpeg\" alt=\"\" class=\"wp-image-304\" srcset=\"https:\/\/fundacjaprosaluteomnium.pl\/wp-content\/uploads\/2024\/05\/5A3596F4-E3E3-452E-92C4-D074D9A45622-2-731x1024.jpeg 731w, https:\/\/fundacjaprosaluteomnium.pl\/wp-content\/uploads\/2024\/05\/5A3596F4-E3E3-452E-92C4-D074D9A45622-2-214x300.jpeg 214w, https:\/\/fundacjaprosaluteomnium.pl\/wp-content\/uploads\/2024\/05\/5A3596F4-E3E3-452E-92C4-D074D9A45622-2-768x1076.jpeg 768w, https:\/\/fundacjaprosaluteomnium.pl\/wp-content\/uploads\/2024\/05\/5A3596F4-E3E3-452E-92C4-D074D9A45622-2.jpeg 914w\" sizes=\"(max-width: 731px) 100vw, 731px\" \/><\/figure>\n<\/div>\n\n\n\n<div class=\"wp-block-column is-layout-flow wp-block-column-is-layout-flow\">\n<figure class=\"wp-block-image size-large\"><img loading=\"lazy\" decoding=\"async\" width=\"732\" height=\"1024\" src=\"https:\/\/fundacjaprosaluteomnium.pl\/wp-content\/uploads\/2024\/05\/57D1CFD4-FC32-4125-9CA4-7FD54A9F06A8-732x1024.jpeg\" alt=\"\" class=\"wp-image-305\" srcset=\"https:\/\/fundacjaprosaluteomnium.pl\/wp-content\/uploads\/2024\/05\/57D1CFD4-FC32-4125-9CA4-7FD54A9F06A8-732x1024.jpeg 732w, https:\/\/fundacjaprosaluteomnium.pl\/wp-content\/uploads\/2024\/05\/57D1CFD4-FC32-4125-9CA4-7FD54A9F06A8-214x300.jpeg 214w, https:\/\/fundacjaprosaluteomnium.pl\/wp-content\/uploads\/2024\/05\/57D1CFD4-FC32-4125-9CA4-7FD54A9F06A8-768x1075.jpeg 768w, https:\/\/fundacjaprosaluteomnium.pl\/wp-content\/uploads\/2024\/05\/57D1CFD4-FC32-4125-9CA4-7FD54A9F06A8.jpeg 906w\" sizes=\"(max-width: 732px) 100vw, 732px\" \/><\/figure>\n<\/div>\n<\/div>\n\n\n\n<p><\/p>\n\n\n\n<div class=\"wp-block-columns is-layout-flex wp-container-core-columns-is-layout-9d6595d7 wp-block-columns-is-layout-flex\">\n<div class=\"wp-block-column is-layout-flow wp-block-column-is-layout-flow\">\n<figure class=\"wp-block-image size-large\"><img loading=\"lazy\" decoding=\"async\" width=\"731\" height=\"1024\" src=\"https:\/\/fundacjaprosaluteomnium.pl\/wp-content\/uploads\/2024\/05\/3CA9AB52-6157-44DC-B9CF-BCF86E1DFB33-1-731x1024.jpeg\" alt=\"\" class=\"wp-image-306\" srcset=\"https:\/\/fundacjaprosaluteomnium.pl\/wp-content\/uploads\/2024\/05\/3CA9AB52-6157-44DC-B9CF-BCF86E1DFB33-1-731x1024.jpeg 731w, https:\/\/fundacjaprosaluteomnium.pl\/wp-content\/uploads\/2024\/05\/3CA9AB52-6157-44DC-B9CF-BCF86E1DFB33-1-214x300.jpeg 214w, https:\/\/fundacjaprosaluteomnium.pl\/wp-content\/uploads\/2024\/05\/3CA9AB52-6157-44DC-B9CF-BCF86E1DFB33-1-768x1076.jpeg 768w, https:\/\/fundacjaprosaluteomnium.pl\/wp-content\/uploads\/2024\/05\/3CA9AB52-6157-44DC-B9CF-BCF86E1DFB33-1.jpeg 914w\" sizes=\"(max-width: 731px) 100vw, 731px\" \/><\/figure>\n<\/div>\n\n\n\n<div class=\"wp-block-column is-layout-flow wp-block-column-is-layout-flow\">\n<figure class=\"wp-block-image size-large\"><img loading=\"lazy\" decoding=\"async\" width=\"732\" height=\"1024\" src=\"https:\/\/fundacjaprosaluteomnium.pl\/wp-content\/uploads\/2024\/05\/8E6B6BAD-AE56-4192-98CA-210860BA5493-732x1024.jpeg\" alt=\"\" class=\"wp-image-307\" srcset=\"https:\/\/fundacjaprosaluteomnium.pl\/wp-content\/uploads\/2024\/05\/8E6B6BAD-AE56-4192-98CA-210860BA5493-732x1024.jpeg 732w, https:\/\/fundacjaprosaluteomnium.pl\/wp-content\/uploads\/2024\/05\/8E6B6BAD-AE56-4192-98CA-210860BA5493-214x300.jpeg 214w, https:\/\/fundacjaprosaluteomnium.pl\/wp-content\/uploads\/2024\/05\/8E6B6BAD-AE56-4192-98CA-210860BA5493-768x1075.jpeg 768w, https:\/\/fundacjaprosaluteomnium.pl\/wp-content\/uploads\/2024\/05\/8E6B6BAD-AE56-4192-98CA-210860BA5493-1097x1536.jpeg 1097w, https:\/\/fundacjaprosaluteomnium.pl\/wp-content\/uploads\/2024\/05\/8E6B6BAD-AE56-4192-98CA-210860BA5493.jpeg 1163w\" sizes=\"(max-width: 732px) 100vw, 732px\" \/><\/figure>\n<\/div>\n<\/div>\n","protected":false},"excerpt":{"rendered":"<p>W dniu 28-05-2024 r. z okazji nadchodz\u0105cego Dnia Dziecka odwiedzili\u015bmy ma\u0142ych pacjent\u00f3w Szpitala Powiatowego w \u0141asku. By\u0142o sporo dobrej zabawy, a tak\u017ce prezenty. Wszystkim dzieciom jeszcze raz \u017cyczymy szybkiego powrotu do zdrowia i jak najwi\u0119cej rado\u015bci.<\/p>\n","protected":false},"author":1,"featured_media":0,"parent":0,"menu_order":0,"comment_status":"closed","ping_status":"closed","template":"","meta":{"footnotes":""},"class_list":["post-291","page","type-page","status-publish","hentry"],"yoast_head":"<!-- This site is optimized with the Yoast SEO plugin v27.3 - https:\/\/yoast.com\/product\/yoast-seo-wordpress\/ -->\n<title>DZIE\u0143 DZIECKA W \u0141ASKIM SZPITALU - Fundacja Pro Salute Omnium<\/title>\n<meta name=\"robots\" content=\"index, follow, max-snippet:-1, max-image-preview:large, max-video-preview:-1\" \/>\n<link rel=\"canonical\" href=\"https:\/\/fundacjaprosaluteomnium.pl\/index.php\/dzien-dziecka-w-laskim-szpitalu\/\" \/>\n<meta property=\"og:locale\" content=\"pl_PL\" \/>\n<meta property=\"og:type\" content=\"article\" \/>\n<meta property=\"og:title\" content=\"DZIE\u0143 DZIECKA W \u0141ASKIM SZPITALU - Fundacja Pro Salute Omnium\" \/>\n<meta property=\"og:description\" content=\"W dniu 28-05-2024 r. z okazji nadchodz\u0105cego Dnia Dziecka odwiedzili\u015bmy ma\u0142ych pacjent\u00f3w Szpitala Powiatowego w \u0141asku. By\u0142o sporo dobrej zabawy, a tak\u017ce prezenty. Wszystkim dzieciom jeszcze raz \u017cyczymy szybkiego powrotu do zdrowia i jak najwi\u0119cej rado\u015bci.\" \/>\n<meta property=\"og:url\" content=\"https:\/\/fundacjaprosaluteomnium.pl\/index.php\/dzien-dziecka-w-laskim-szpitalu\/\" \/>\n<meta property=\"og:site_name\" content=\"Fundacja Pro Salute Omnium\" \/>\n<meta property=\"article:modified_time\" content=\"2024-05-29T10:38:54+00:00\" \/>\n<meta property=\"og:image\" content=\"https:\/\/fundacjaprosaluteomnium.pl\/wp-content\/uploads\/2024\/05\/64987493-91CA-4079-9D77-1BCF6C4033C8-3-731x1024.jpeg\" \/>\n<meta name=\"twitter:card\" content=\"summary_large_image\" \/>\n<meta name=\"twitter:label1\" content=\"Szacowany czas czytania\" \/>\n\t<meta name=\"twitter:data1\" content=\"2 minuty\" \/>\n<script type=\"application\/ld+json\" class=\"yoast-schema-graph\">{\"@context\":\"https:\\\/\\\/schema.org\",\"@graph\":[{\"@type\":\"WebPage\",\"@id\":\"https:\\\/\\\/fundacjaprosaluteomnium.pl\\\/index.php\\\/dzien-dziecka-w-laskim-szpitalu\\\/\",\"url\":\"https:\\\/\\\/fundacjaprosaluteomnium.pl\\\/index.php\\\/dzien-dziecka-w-laskim-szpitalu\\\/\",\"name\":\"DZIE\u0143 DZIECKA W \u0141ASKIM SZPITALU - Fundacja Pro Salute Omnium\",\"isPartOf\":{\"@id\":\"http:\\\/\\\/fundacjaprosaluteomnium.pl\\\/#website\"},\"primaryImageOfPage\":{\"@id\":\"https:\\\/\\\/fundacjaprosaluteomnium.pl\\\/index.php\\\/dzien-dziecka-w-laskim-szpitalu\\\/#primaryimage\"},\"image\":{\"@id\":\"https:\\\/\\\/fundacjaprosaluteomnium.pl\\\/index.php\\\/dzien-dziecka-w-laskim-szpitalu\\\/#primaryimage\"},\"thumbnailUrl\":\"https:\\\/\\\/fundacjaprosaluteomnium.pl\\\/wp-content\\\/uploads\\\/2024\\\/05\\\/64987493-91CA-4079-9D77-1BCF6C4033C8-3-731x1024.jpeg\",\"datePublished\":\"2024-05-29T10:21:08+00:00\",\"dateModified\":\"2024-05-29T10:38:54+00:00\",\"breadcrumb\":{\"@id\":\"https:\\\/\\\/fundacjaprosaluteomnium.pl\\\/index.php\\\/dzien-dziecka-w-laskim-szpitalu\\\/#breadcrumb\"},\"inLanguage\":\"pl-PL\",\"potentialAction\":[{\"@type\":\"ReadAction\",\"target\":[\"https:\\\/\\\/fundacjaprosaluteomnium.pl\\\/index.php\\\/dzien-dziecka-w-laskim-szpitalu\\\/\"]}]},{\"@type\":\"ImageObject\",\"inLanguage\":\"pl-PL\",\"@id\":\"https:\\\/\\\/fundacjaprosaluteomnium.pl\\\/index.php\\\/dzien-dziecka-w-laskim-szpitalu\\\/#primaryimage\",\"url\":\"https:\\\/\\\/fundacjaprosaluteomnium.pl\\\/wp-content\\\/uploads\\\/2024\\\/05\\\/64987493-91CA-4079-9D77-1BCF6C4033C8-3.jpeg\",\"contentUrl\":\"https:\\\/\\\/fundacjaprosaluteomnium.pl\\\/wp-content\\\/uploads\\\/2024\\\/05\\\/64987493-91CA-4079-9D77-1BCF6C4033C8-3.jpeg\",\"width\":914,\"height\":1280},{\"@type\":\"BreadcrumbList\",\"@id\":\"https:\\\/\\\/fundacjaprosaluteomnium.pl\\\/index.php\\\/dzien-dziecka-w-laskim-szpitalu\\\/#breadcrumb\",\"itemListElement\":[{\"@type\":\"ListItem\",\"position\":1,\"name\":\"Home\",\"item\":\"http:\\\/\\\/fundacjaprosaluteomnium.pl\\\/\"},{\"@type\":\"ListItem\",\"position\":2,\"name\":\"DZIE\u0143 DZIECKA W \u0141ASKIM SZPITALU\"}]},{\"@type\":\"WebSite\",\"@id\":\"http:\\\/\\\/fundacjaprosaluteomnium.pl\\\/#website\",\"url\":\"http:\\\/\\\/fundacjaprosaluteomnium.pl\\\/\",\"name\":\"Fundacja Pro Salute Omnium\",\"description\":\"\",\"publisher\":{\"@id\":\"http:\\\/\\\/fundacjaprosaluteomnium.pl\\\/#organization\"},\"potentialAction\":[{\"@type\":\"SearchAction\",\"target\":{\"@type\":\"EntryPoint\",\"urlTemplate\":\"http:\\\/\\\/fundacjaprosaluteomnium.pl\\\/?s={search_term_string}\"},\"query-input\":{\"@type\":\"PropertyValueSpecification\",\"valueRequired\":true,\"valueName\":\"search_term_string\"}}],\"inLanguage\":\"pl-PL\"},{\"@type\":\"Organization\",\"@id\":\"http:\\\/\\\/fundacjaprosaluteomnium.pl\\\/#organization\",\"name\":\"Fundacja Pro Salute Omnium\",\"url\":\"http:\\\/\\\/fundacjaprosaluteomnium.pl\\\/\",\"logo\":{\"@type\":\"ImageObject\",\"inLanguage\":\"pl-PL\",\"@id\":\"http:\\\/\\\/fundacjaprosaluteomnium.pl\\\/#\\\/schema\\\/logo\\\/image\\\/\",\"url\":\"https:\\\/\\\/fundacjaprosaluteomnium.pl\\\/wp-content\\\/uploads\\\/2023\\\/11\\\/LOG180x180-1.png\",\"contentUrl\":\"https:\\\/\\\/fundacjaprosaluteomnium.pl\\\/wp-content\\\/uploads\\\/2023\\\/11\\\/LOG180x180-1.png\",\"width\":180,\"height\":180,\"caption\":\"Fundacja Pro Salute Omnium\"},\"image\":{\"@id\":\"http:\\\/\\\/fundacjaprosaluteomnium.pl\\\/#\\\/schema\\\/logo\\\/image\\\/\"}}]}<\/script>\n<!-- \/ Yoast SEO plugin. -->","yoast_head_json":{"title":"DZIE\u0143 DZIECKA W \u0141ASKIM SZPITALU - Fundacja Pro Salute Omnium","robots":{"index":"index","follow":"follow","max-snippet":"max-snippet:-1","max-image-preview":"max-image-preview:large","max-video-preview":"max-video-preview:-1"},"canonical":"https:\/\/fundacjaprosaluteomnium.pl\/index.php\/dzien-dziecka-w-laskim-szpitalu\/","og_locale":"pl_PL","og_type":"article","og_title":"DZIE\u0143 DZIECKA W \u0141ASKIM SZPITALU - Fundacja Pro Salute Omnium","og_description":"W dniu 28-05-2024 r. z okazji nadchodz\u0105cego Dnia Dziecka odwiedzili\u015bmy ma\u0142ych pacjent\u00f3w Szpitala Powiatowego w \u0141asku. By\u0142o sporo dobrej zabawy, a tak\u017ce prezenty. Wszystkim dzieciom jeszcze raz \u017cyczymy szybkiego powrotu do zdrowia i jak najwi\u0119cej rado\u015bci.","og_url":"https:\/\/fundacjaprosaluteomnium.pl\/index.php\/dzien-dziecka-w-laskim-szpitalu\/","og_site_name":"Fundacja Pro Salute Omnium","article_modified_time":"2024-05-29T10:38:54+00:00","og_image":[{"url":"https:\/\/fundacjaprosaluteomnium.pl\/wp-content\/uploads\/2024\/05\/64987493-91CA-4079-9D77-1BCF6C4033C8-3-731x1024.jpeg","type":"","width":"","height":""}],"twitter_card":"summary_large_image","twitter_misc":{"Szacowany czas czytania":"2 minuty"},"schema":{"@context":"https:\/\/schema.org","@graph":[{"@type":"WebPage","@id":"https:\/\/fundacjaprosaluteomnium.pl\/index.php\/dzien-dziecka-w-laskim-szpitalu\/","url":"https:\/\/fundacjaprosaluteomnium.pl\/index.php\/dzien-dziecka-w-laskim-szpitalu\/","name":"DZIE\u0143 DZIECKA W \u0141ASKIM SZPITALU - Fundacja Pro Salute Omnium","isPartOf":{"@id":"http:\/\/fundacjaprosaluteomnium.pl\/#website"},"primaryImageOfPage":{"@id":"https:\/\/fundacjaprosaluteomnium.pl\/index.php\/dzien-dziecka-w-laskim-szpitalu\/#primaryimage"},"image":{"@id":"https:\/\/fundacjaprosaluteomnium.pl\/index.php\/dzien-dziecka-w-laskim-szpitalu\/#primaryimage"},"thumbnailUrl":"https:\/\/fundacjaprosaluteomnium.pl\/wp-content\/uploads\/2024\/05\/64987493-91CA-4079-9D77-1BCF6C4033C8-3-731x1024.jpeg","datePublished":"2024-05-29T10:21:08+00:00","dateModified":"2024-05-29T10:38:54+00:00","breadcrumb":{"@id":"https:\/\/fundacjaprosaluteomnium.pl\/index.php\/dzien-dziecka-w-laskim-szpitalu\/#breadcrumb"},"inLanguage":"pl-PL","potentialAction":[{"@type":"ReadAction","target":["https:\/\/fundacjaprosaluteomnium.pl\/index.php\/dzien-dziecka-w-laskim-szpitalu\/"]}]},{"@type":"ImageObject","inLanguage":"pl-PL","@id":"https:\/\/fundacjaprosaluteomnium.pl\/index.php\/dzien-dziecka-w-laskim-szpitalu\/#primaryimage","url":"https:\/\/fundacjaprosaluteomnium.pl\/wp-content\/uploads\/2024\/05\/64987493-91CA-4079-9D77-1BCF6C4033C8-3.jpeg","contentUrl":"https:\/\/fundacjaprosaluteomnium.pl\/wp-content\/uploads\/2024\/05\/64987493-91CA-4079-9D77-1BCF6C4033C8-3.jpeg","width":914,"height":1280},{"@type":"BreadcrumbList","@id":"https:\/\/fundacjaprosaluteomnium.pl\/index.php\/dzien-dziecka-w-laskim-szpitalu\/#breadcrumb","itemListElement":[{"@type":"ListItem","position":1,"name":"Home","item":"http:\/\/fundacjaprosaluteomnium.pl\/"},{"@type":"ListItem","position":2,"name":"DZIE\u0143 DZIECKA W \u0141ASKIM SZPITALU"}]},{"@type":"WebSite","@id":"http:\/\/fundacjaprosaluteomnium.pl\/#website","url":"http:\/\/fundacjaprosaluteomnium.pl\/","name":"Fundacja Pro Salute Omnium","description":"","publisher":{"@id":"http:\/\/fundacjaprosaluteomnium.pl\/#organization"},"potentialAction":[{"@type":"SearchAction","target":{"@type":"EntryPoint","urlTemplate":"http:\/\/fundacjaprosaluteomnium.pl\/?s={search_term_string}"},"query-input":{"@type":"PropertyValueSpecification","valueRequired":true,"valueName":"search_term_string"}}],"inLanguage":"pl-PL"},{"@type":"Organization","@id":"http:\/\/fundacjaprosaluteomnium.pl\/#organization","name":"Fundacja Pro Salute Omnium","url":"http:\/\/fundacjaprosaluteomnium.pl\/","logo":{"@type":"ImageObject","inLanguage":"pl-PL","@id":"http:\/\/fundacjaprosaluteomnium.pl\/#\/schema\/logo\/image\/","url":"https:\/\/fundacjaprosaluteomnium.pl\/wp-content\/uploads\/2023\/11\/LOG180x180-1.png","contentUrl":"https:\/\/fundacjaprosaluteomnium.pl\/wp-content\/uploads\/2023\/11\/LOG180x180-1.png","width":180,"height":180,"caption":"Fundacja Pro Salute Omnium"},"image":{"@id":"http:\/\/fundacjaprosaluteomnium.pl\/#\/schema\/logo\/image\/"}}]}},"_links":{"self":[{"href":"https:\/\/fundacjaprosaluteomnium.pl\/index.php\/wp-json\/wp\/v2\/pages\/291","targetHints":{"allow":["GET"]}}],"collection":[{"href":"https:\/\/fundacjaprosaluteomnium.pl\/index.php\/wp-json\/wp\/v2\/pages"}],"about":[{"href":"https:\/\/fundacjaprosaluteomnium.pl\/index.php\/wp-json\/wp\/v2\/types\/page"}],"author":[{"embeddable":true,"href":"https:\/\/fundacjaprosaluteomnium.pl\/index.php\/wp-json\/wp\/v2\/users\/1"}],"replies":[{"embeddable":true,"href":"https:\/\/fundacjaprosaluteomnium.pl\/index.php\/wp-json\/wp\/v2\/comments?post=291"}],"version-history":[{"count":4,"href":"https:\/\/fundacjaprosaluteomnium.pl\/index.php\/wp-json\/wp\/v2\/pages\/291\/revisions"}],"predecessor-version":[{"id":309,"href":"https:\/\/fundacjaprosaluteomnium.pl\/index.php\/wp-json\/wp\/v2\/pages\/291\/revisions\/309"}],"wp:attachment":[{"href":"https:\/\/fundacjaprosaluteomnium.pl\/index.php\/wp-json\/wp\/v2\/media?parent=291"}],"curies":[{"name":"wp","href":"https:\/\/api.w.org\/{rel}","templated":true}]}}