{"id":312,"date":"2024-12-11T11:17:02","date_gmt":"2024-12-11T10:17:02","guid":{"rendered":"https:\/\/fundacjaprosaluteomnium.pl\/?page_id=312"},"modified":"2024-12-11T11:18:25","modified_gmt":"2024-12-11T10:18:25","slug":"mikolajkowa-radosc-dla-malych-pacjentow-w-szpitalu-w-lasku","status":"publish","type":"page","link":"https:\/\/fundacjaprosaluteomnium.pl\/index.php\/mikolajkowa-radosc-dla-malych-pacjentow-w-szpitalu-w-lasku\/","title":{"rendered":"Miko\u0142ajkowa Rado\u015b\u0107 dla Ma\u0142ych Pacjent\u00f3w w Szpitalu w \u0141asku!"},"content":{"rendered":"\n<p>\ud83c\udf85\u2728 <strong>Miko\u0142ajki to czas magii i rado\u015bci, a my w Fundacji Pro Salute Omnium wierzymy, \u017ce ka\u017cdy u\u015bmiech dziecka ma niezwyk\u0142\u0105 moc!<\/strong><\/p>\n\n\n\n<p>Z ogromn\u0105 przyjemno\u015bci\u0105 odwiedzili\u015bmy ma\u0142ych pacjent\u00f3w w szpitalu w \u0141asku, obdarowuj\u0105c ich prezentami przygotowanymi specjalnie z okazji Miko\u0142ajek. Pluszaki, ksi\u0105\u017ceczki, gry i wiele innych upomink\u00f3w wywo\u0142a\u0142y na dzieci\u0119cych twarzach rado\u015b\u0107, kt\u00f3ra rozgrza\u0142a nasze serca.<\/p>\n\n\n\n<p><strong>Nasz\u0105 misj\u0105 jest wsparcie tych, kt\u00f3rzy najbardziej tego potrzebuj\u0105 \u2013 szczeg\u00f3lnie w trudnym czasie choroby.<\/strong> Widzieli\u015bmy, jak wiele znacz\u0105 drobne gesty, kt\u00f3re pozwalaj\u0105 dzieciom zapomnie\u0107 na chwil\u0119 o szpitalnej codzienno\u015bci.<\/p>\n\n\n\n<p>\ud83c\udf1f <strong>Razem mo\u017cemy jeszcze wi\u0119cej!<\/strong> Je\u015bli chcesz wspiera\u0107 nasze dzia\u0142ania i pom\u00f3c w niesieniu rado\u015bci tam, gdzie jest najbardziej potrzebna, zapraszamy do kontaktu.<\/p>\n\n\n\n<p>Niech te \u015bwi\u0119ta b\u0119d\u0105 pe\u0142ne mi\u0142o\u015bci i dobroci! \ud83c\udf84\u2764\ufe0f<\/p>\n\n\n\n<p><strong>Fundacja Pro Salute Omnium<\/strong><br>Razem tworzymy lepsze jutro.<\/p>\n\n\n\n<figure class=\"wp-block-image size-large\"><img fetchpriority=\"high\" decoding=\"async\" width=\"731\" height=\"1024\" src=\"https:\/\/fundacjaprosaluteomnium.pl\/wp-content\/uploads\/2024\/12\/EAE04138-13EA-474E-8D3A-368261F69F55-731x1024.jpeg\" alt=\"\" class=\"wp-image-313\" srcset=\"https:\/\/fundacjaprosaluteomnium.pl\/wp-content\/uploads\/2024\/12\/EAE04138-13EA-474E-8D3A-368261F69F55-731x1024.jpeg 731w, https:\/\/fundacjaprosaluteomnium.pl\/wp-content\/uploads\/2024\/12\/EAE04138-13EA-474E-8D3A-368261F69F55-214x300.jpeg 214w, https:\/\/fundacjaprosaluteomnium.pl\/wp-content\/uploads\/2024\/12\/EAE04138-13EA-474E-8D3A-368261F69F55-768x1075.jpeg 768w, https:\/\/fundacjaprosaluteomnium.pl\/wp-content\/uploads\/2024\/12\/EAE04138-13EA-474E-8D3A-368261F69F55-1097x1536.jpeg 1097w, https:\/\/fundacjaprosaluteomnium.pl\/wp-content\/uploads\/2024\/12\/EAE04138-13EA-474E-8D3A-368261F69F55.jpeg 1440w\" sizes=\"(max-width: 731px) 100vw, 731px\" \/><\/figure>\n\n\n\n<p><\/p>\n\n\n\n<figure class=\"wp-block-image size-large\"><img decoding=\"async\" width=\"731\" height=\"1024\" src=\"https:\/\/fundacjaprosaluteomnium.pl\/wp-content\/uploads\/2024\/12\/E314AB6A-AB4B-41AC-BD31-70757AE69D30-731x1024.jpeg\" alt=\"\" class=\"wp-image-314\" srcset=\"https:\/\/fundacjaprosaluteomnium.pl\/wp-content\/uploads\/2024\/12\/E314AB6A-AB4B-41AC-BD31-70757AE69D30-731x1024.jpeg 731w, https:\/\/fundacjaprosaluteomnium.pl\/wp-content\/uploads\/2024\/12\/E314AB6A-AB4B-41AC-BD31-70757AE69D30-214x300.jpeg 214w, https:\/\/fundacjaprosaluteomnium.pl\/wp-content\/uploads\/2024\/12\/E314AB6A-AB4B-41AC-BD31-70757AE69D30-768x1075.jpeg 768w, https:\/\/fundacjaprosaluteomnium.pl\/wp-content\/uploads\/2024\/12\/E314AB6A-AB4B-41AC-BD31-70757AE69D30-1097x1536.jpeg 1097w, https:\/\/fundacjaprosaluteomnium.pl\/wp-content\/uploads\/2024\/12\/E314AB6A-AB4B-41AC-BD31-70757AE69D30.jpeg 1314w\" sizes=\"(max-width: 731px) 100vw, 731px\" \/><\/figure>\n\n\n\n<p><\/p>\n\n\n\n<figure class=\"wp-block-image size-large is-resized\"><img decoding=\"async\" width=\"768\" height=\"1024\" src=\"https:\/\/fundacjaprosaluteomnium.pl\/wp-content\/uploads\/2024\/12\/IMG_5527-768x1024.jpg\" alt=\"\" class=\"wp-image-315\" style=\"width:731px;height:auto\" srcset=\"https:\/\/fundacjaprosaluteomnium.pl\/wp-content\/uploads\/2024\/12\/IMG_5527-768x1024.jpg 768w, https:\/\/fundacjaprosaluteomnium.pl\/wp-content\/uploads\/2024\/12\/IMG_5527-225x300.jpg 225w, https:\/\/fundacjaprosaluteomnium.pl\/wp-content\/uploads\/2024\/12\/IMG_5527-1152x1536.jpg 1152w, https:\/\/fundacjaprosaluteomnium.pl\/wp-content\/uploads\/2024\/12\/IMG_5527.jpg 1512w\" sizes=\"(max-width: 768px) 100vw, 768px\" \/><\/figure>\n\n\n\n<p><\/p>\n\n\n\n<figure class=\"wp-block-image size-large\"><img loading=\"lazy\" decoding=\"async\" width=\"731\" height=\"1024\" src=\"https:\/\/fundacjaprosaluteomnium.pl\/wp-content\/uploads\/2024\/12\/FF01C56E-2C7C-4D5D-9404-628791FFAB77-731x1024.jpeg\" alt=\"\" class=\"wp-image-318\" srcset=\"https:\/\/fundacjaprosaluteomnium.pl\/wp-content\/uploads\/2024\/12\/FF01C56E-2C7C-4D5D-9404-628791FFAB77-731x1024.jpeg 731w, https:\/\/fundacjaprosaluteomnium.pl\/wp-content\/uploads\/2024\/12\/FF01C56E-2C7C-4D5D-9404-628791FFAB77-214x300.jpeg 214w, https:\/\/fundacjaprosaluteomnium.pl\/wp-content\/uploads\/2024\/12\/FF01C56E-2C7C-4D5D-9404-628791FFAB77-768x1075.jpeg 768w, https:\/\/fundacjaprosaluteomnium.pl\/wp-content\/uploads\/2024\/12\/FF01C56E-2C7C-4D5D-9404-628791FFAB77.jpeg 922w\" sizes=\"(max-width: 731px) 100vw, 731px\" \/><\/figure>\n","protected":false},"excerpt":{"rendered":"<p>\ud83c\udf85\u2728 Miko\u0142ajki to czas magii i rado\u015bci, a my w Fundacji Pro Salute Omnium wierzymy, \u017ce ka\u017cdy u\u015bmiech dziecka ma niezwyk\u0142\u0105 moc! Z ogromn\u0105 przyjemno\u015bci\u0105 odwiedzili\u015bmy ma\u0142ych pacjent\u00f3w w szpitalu w \u0141asku, obdarowuj\u0105c ich prezentami przygotowanymi specjalnie z okazji Miko\u0142ajek. Pluszaki, ksi\u0105\u017ceczki, gry i wiele innych upomink\u00f3w wywo\u0142a\u0142y na dzieci\u0119cych twarzach rado\u015b\u0107, kt\u00f3ra rozgrza\u0142a nasze [&hellip;]<\/p>\n","protected":false},"author":1,"featured_media":0,"parent":0,"menu_order":0,"comment_status":"closed","ping_status":"closed","template":"","meta":{"footnotes":""},"class_list":["post-312","page","type-page","status-publish","hentry"],"yoast_head":"<!-- This site is optimized with the Yoast SEO plugin v27.3 - https:\/\/yoast.com\/product\/yoast-seo-wordpress\/ -->\n<title>Miko\u0142ajkowa Rado\u015b\u0107 dla Ma\u0142ych Pacjent\u00f3w w Szpitalu w \u0141asku! - Fundacja Pro Salute Omnium<\/title>\n<meta name=\"robots\" content=\"index, follow, max-snippet:-1, max-image-preview:large, max-video-preview:-1\" \/>\n<link rel=\"canonical\" href=\"http:\/\/fundacjaprosaluteomnium.pl\/index.php\/mikolajkowa-radosc-dla-malych-pacjentow-w-szpitalu-w-lasku\/\" \/>\n<meta property=\"og:locale\" content=\"pl_PL\" \/>\n<meta property=\"og:type\" content=\"article\" \/>\n<meta property=\"og:title\" content=\"Miko\u0142ajkowa Rado\u015b\u0107 dla Ma\u0142ych Pacjent\u00f3w w Szpitalu w \u0141asku! - Fundacja Pro Salute Omnium\" \/>\n<meta property=\"og:description\" content=\"\ud83c\udf85\u2728 Miko\u0142ajki to czas magii i rado\u015bci, a my w Fundacji Pro Salute Omnium wierzymy, \u017ce ka\u017cdy u\u015bmiech dziecka ma niezwyk\u0142\u0105 moc! Z ogromn\u0105 przyjemno\u015bci\u0105 odwiedzili\u015bmy ma\u0142ych pacjent\u00f3w w szpitalu w \u0141asku, obdarowuj\u0105c ich prezentami przygotowanymi specjalnie z okazji Miko\u0142ajek. Pluszaki, ksi\u0105\u017ceczki, gry i wiele innych upomink\u00f3w wywo\u0142a\u0142y na dzieci\u0119cych twarzach rado\u015b\u0107, kt\u00f3ra rozgrza\u0142a nasze [&hellip;]\" \/>\n<meta property=\"og:url\" content=\"http:\/\/fundacjaprosaluteomnium.pl\/index.php\/mikolajkowa-radosc-dla-malych-pacjentow-w-szpitalu-w-lasku\/\" \/>\n<meta property=\"og:site_name\" content=\"Fundacja Pro Salute Omnium\" \/>\n<meta property=\"article:modified_time\" content=\"2024-12-11T10:18:25+00:00\" \/>\n<meta property=\"og:image\" content=\"https:\/\/fundacjaprosaluteomnium.pl\/wp-content\/uploads\/2024\/12\/EAE04138-13EA-474E-8D3A-368261F69F55-731x1024.jpeg\" \/>\n<meta name=\"twitter:card\" content=\"summary_large_image\" \/>\n<meta name=\"twitter:label1\" content=\"Szacowany czas czytania\" \/>\n\t<meta name=\"twitter:data1\" content=\"2 minuty\" \/>\n<script type=\"application\/ld+json\" class=\"yoast-schema-graph\">{\"@context\":\"https:\\\/\\\/schema.org\",\"@graph\":[{\"@type\":\"WebPage\",\"@id\":\"http:\\\/\\\/fundacjaprosaluteomnium.pl\\\/index.php\\\/mikolajkowa-radosc-dla-malych-pacjentow-w-szpitalu-w-lasku\\\/\",\"url\":\"http:\\\/\\\/fundacjaprosaluteomnium.pl\\\/index.php\\\/mikolajkowa-radosc-dla-malych-pacjentow-w-szpitalu-w-lasku\\\/\",\"name\":\"Miko\u0142ajkowa Rado\u015b\u0107 dla Ma\u0142ych Pacjent\u00f3w w Szpitalu w \u0141asku! - Fundacja Pro Salute Omnium\",\"isPartOf\":{\"@id\":\"http:\\\/\\\/fundacjaprosaluteomnium.pl\\\/#website\"},\"primaryImageOfPage\":{\"@id\":\"http:\\\/\\\/fundacjaprosaluteomnium.pl\\\/index.php\\\/mikolajkowa-radosc-dla-malych-pacjentow-w-szpitalu-w-lasku\\\/#primaryimage\"},\"image\":{\"@id\":\"http:\\\/\\\/fundacjaprosaluteomnium.pl\\\/index.php\\\/mikolajkowa-radosc-dla-malych-pacjentow-w-szpitalu-w-lasku\\\/#primaryimage\"},\"thumbnailUrl\":\"https:\\\/\\\/fundacjaprosaluteomnium.pl\\\/wp-content\\\/uploads\\\/2024\\\/12\\\/EAE04138-13EA-474E-8D3A-368261F69F55-731x1024.jpeg\",\"datePublished\":\"2024-12-11T10:17:02+00:00\",\"dateModified\":\"2024-12-11T10:18:25+00:00\",\"breadcrumb\":{\"@id\":\"http:\\\/\\\/fundacjaprosaluteomnium.pl\\\/index.php\\\/mikolajkowa-radosc-dla-malych-pacjentow-w-szpitalu-w-lasku\\\/#breadcrumb\"},\"inLanguage\":\"pl-PL\",\"potentialAction\":[{\"@type\":\"ReadAction\",\"target\":[\"http:\\\/\\\/fundacjaprosaluteomnium.pl\\\/index.php\\\/mikolajkowa-radosc-dla-malych-pacjentow-w-szpitalu-w-lasku\\\/\"]}]},{\"@type\":\"ImageObject\",\"inLanguage\":\"pl-PL\",\"@id\":\"http:\\\/\\\/fundacjaprosaluteomnium.pl\\\/index.php\\\/mikolajkowa-radosc-dla-malych-pacjentow-w-szpitalu-w-lasku\\\/#primaryimage\",\"url\":\"https:\\\/\\\/fundacjaprosaluteomnium.pl\\\/wp-content\\\/uploads\\\/2024\\\/12\\\/EAE04138-13EA-474E-8D3A-368261F69F55.jpeg\",\"contentUrl\":\"https:\\\/\\\/fundacjaprosaluteomnium.pl\\\/wp-content\\\/uploads\\\/2024\\\/12\\\/EAE04138-13EA-474E-8D3A-368261F69F55.jpeg\",\"width\":1440,\"height\":2016},{\"@type\":\"BreadcrumbList\",\"@id\":\"http:\\\/\\\/fundacjaprosaluteomnium.pl\\\/index.php\\\/mikolajkowa-radosc-dla-malych-pacjentow-w-szpitalu-w-lasku\\\/#breadcrumb\",\"itemListElement\":[{\"@type\":\"ListItem\",\"position\":1,\"name\":\"Home\",\"item\":\"http:\\\/\\\/fundacjaprosaluteomnium.pl\\\/\"},{\"@type\":\"ListItem\",\"position\":2,\"name\":\"Miko\u0142ajkowa Rado\u015b\u0107 dla Ma\u0142ych Pacjent\u00f3w w Szpitalu w \u0141asku!\"}]},{\"@type\":\"WebSite\",\"@id\":\"http:\\\/\\\/fundacjaprosaluteomnium.pl\\\/#website\",\"url\":\"http:\\\/\\\/fundacjaprosaluteomnium.pl\\\/\",\"name\":\"Fundacja Pro Salute Omnium\",\"description\":\"\",\"publisher\":{\"@id\":\"http:\\\/\\\/fundacjaprosaluteomnium.pl\\\/#organization\"},\"potentialAction\":[{\"@type\":\"SearchAction\",\"target\":{\"@type\":\"EntryPoint\",\"urlTemplate\":\"http:\\\/\\\/fundacjaprosaluteomnium.pl\\\/?s={search_term_string}\"},\"query-input\":{\"@type\":\"PropertyValueSpecification\",\"valueRequired\":true,\"valueName\":\"search_term_string\"}}],\"inLanguage\":\"pl-PL\"},{\"@type\":\"Organization\",\"@id\":\"http:\\\/\\\/fundacjaprosaluteomnium.pl\\\/#organization\",\"name\":\"Fundacja Pro Salute Omnium\",\"url\":\"http:\\\/\\\/fundacjaprosaluteomnium.pl\\\/\",\"logo\":{\"@type\":\"ImageObject\",\"inLanguage\":\"pl-PL\",\"@id\":\"http:\\\/\\\/fundacjaprosaluteomnium.pl\\\/#\\\/schema\\\/logo\\\/image\\\/\",\"url\":\"https:\\\/\\\/fundacjaprosaluteomnium.pl\\\/wp-content\\\/uploads\\\/2023\\\/11\\\/LOG180x180-1.png\",\"contentUrl\":\"https:\\\/\\\/fundacjaprosaluteomnium.pl\\\/wp-content\\\/uploads\\\/2023\\\/11\\\/LOG180x180-1.png\",\"width\":180,\"height\":180,\"caption\":\"Fundacja Pro Salute Omnium\"},\"image\":{\"@id\":\"http:\\\/\\\/fundacjaprosaluteomnium.pl\\\/#\\\/schema\\\/logo\\\/image\\\/\"}}]}<\/script>\n<!-- \/ Yoast SEO plugin. -->","yoast_head_json":{"title":"Miko\u0142ajkowa Rado\u015b\u0107 dla Ma\u0142ych Pacjent\u00f3w w Szpitalu w \u0141asku! - Fundacja Pro Salute Omnium","robots":{"index":"index","follow":"follow","max-snippet":"max-snippet:-1","max-image-preview":"max-image-preview:large","max-video-preview":"max-video-preview:-1"},"canonical":"http:\/\/fundacjaprosaluteomnium.pl\/index.php\/mikolajkowa-radosc-dla-malych-pacjentow-w-szpitalu-w-lasku\/","og_locale":"pl_PL","og_type":"article","og_title":"Miko\u0142ajkowa Rado\u015b\u0107 dla Ma\u0142ych Pacjent\u00f3w w Szpitalu w \u0141asku! - Fundacja Pro Salute Omnium","og_description":"\ud83c\udf85\u2728 Miko\u0142ajki to czas magii i rado\u015bci, a my w Fundacji Pro Salute Omnium wierzymy, \u017ce ka\u017cdy u\u015bmiech dziecka ma niezwyk\u0142\u0105 moc! Z ogromn\u0105 przyjemno\u015bci\u0105 odwiedzili\u015bmy ma\u0142ych pacjent\u00f3w w szpitalu w \u0141asku, obdarowuj\u0105c ich prezentami przygotowanymi specjalnie z okazji Miko\u0142ajek. Pluszaki, ksi\u0105\u017ceczki, gry i wiele innych upomink\u00f3w wywo\u0142a\u0142y na dzieci\u0119cych twarzach rado\u015b\u0107, kt\u00f3ra rozgrza\u0142a nasze [&hellip;]","og_url":"http:\/\/fundacjaprosaluteomnium.pl\/index.php\/mikolajkowa-radosc-dla-malych-pacjentow-w-szpitalu-w-lasku\/","og_site_name":"Fundacja Pro Salute Omnium","article_modified_time":"2024-12-11T10:18:25+00:00","og_image":[{"url":"https:\/\/fundacjaprosaluteomnium.pl\/wp-content\/uploads\/2024\/12\/EAE04138-13EA-474E-8D3A-368261F69F55-731x1024.jpeg","type":"","width":"","height":""}],"twitter_card":"summary_large_image","twitter_misc":{"Szacowany czas czytania":"2 minuty"},"schema":{"@context":"https:\/\/schema.org","@graph":[{"@type":"WebPage","@id":"http:\/\/fundacjaprosaluteomnium.pl\/index.php\/mikolajkowa-radosc-dla-malych-pacjentow-w-szpitalu-w-lasku\/","url":"http:\/\/fundacjaprosaluteomnium.pl\/index.php\/mikolajkowa-radosc-dla-malych-pacjentow-w-szpitalu-w-lasku\/","name":"Miko\u0142ajkowa Rado\u015b\u0107 dla Ma\u0142ych Pacjent\u00f3w w Szpitalu w \u0141asku! - Fundacja Pro Salute Omnium","isPartOf":{"@id":"http:\/\/fundacjaprosaluteomnium.pl\/#website"},"primaryImageOfPage":{"@id":"http:\/\/fundacjaprosaluteomnium.pl\/index.php\/mikolajkowa-radosc-dla-malych-pacjentow-w-szpitalu-w-lasku\/#primaryimage"},"image":{"@id":"http:\/\/fundacjaprosaluteomnium.pl\/index.php\/mikolajkowa-radosc-dla-malych-pacjentow-w-szpitalu-w-lasku\/#primaryimage"},"thumbnailUrl":"https:\/\/fundacjaprosaluteomnium.pl\/wp-content\/uploads\/2024\/12\/EAE04138-13EA-474E-8D3A-368261F69F55-731x1024.jpeg","datePublished":"2024-12-11T10:17:02+00:00","dateModified":"2024-12-11T10:18:25+00:00","breadcrumb":{"@id":"http:\/\/fundacjaprosaluteomnium.pl\/index.php\/mikolajkowa-radosc-dla-malych-pacjentow-w-szpitalu-w-lasku\/#breadcrumb"},"inLanguage":"pl-PL","potentialAction":[{"@type":"ReadAction","target":["http:\/\/fundacjaprosaluteomnium.pl\/index.php\/mikolajkowa-radosc-dla-malych-pacjentow-w-szpitalu-w-lasku\/"]}]},{"@type":"ImageObject","inLanguage":"pl-PL","@id":"http:\/\/fundacjaprosaluteomnium.pl\/index.php\/mikolajkowa-radosc-dla-malych-pacjentow-w-szpitalu-w-lasku\/#primaryimage","url":"https:\/\/fundacjaprosaluteomnium.pl\/wp-content\/uploads\/2024\/12\/EAE04138-13EA-474E-8D3A-368261F69F55.jpeg","contentUrl":"https:\/\/fundacjaprosaluteomnium.pl\/wp-content\/uploads\/2024\/12\/EAE04138-13EA-474E-8D3A-368261F69F55.jpeg","width":1440,"height":2016},{"@type":"BreadcrumbList","@id":"http:\/\/fundacjaprosaluteomnium.pl\/index.php\/mikolajkowa-radosc-dla-malych-pacjentow-w-szpitalu-w-lasku\/#breadcrumb","itemListElement":[{"@type":"ListItem","position":1,"name":"Home","item":"http:\/\/fundacjaprosaluteomnium.pl\/"},{"@type":"ListItem","position":2,"name":"Miko\u0142ajkowa Rado\u015b\u0107 dla Ma\u0142ych Pacjent\u00f3w w Szpitalu w \u0141asku!"}]},{"@type":"WebSite","@id":"http:\/\/fundacjaprosaluteomnium.pl\/#website","url":"http:\/\/fundacjaprosaluteomnium.pl\/","name":"Fundacja Pro Salute Omnium","description":"","publisher":{"@id":"http:\/\/fundacjaprosaluteomnium.pl\/#organization"},"potentialAction":[{"@type":"SearchAction","target":{"@type":"EntryPoint","urlTemplate":"http:\/\/fundacjaprosaluteomnium.pl\/?s={search_term_string}"},"query-input":{"@type":"PropertyValueSpecification","valueRequired":true,"valueName":"search_term_string"}}],"inLanguage":"pl-PL"},{"@type":"Organization","@id":"http:\/\/fundacjaprosaluteomnium.pl\/#organization","name":"Fundacja Pro Salute Omnium","url":"http:\/\/fundacjaprosaluteomnium.pl\/","logo":{"@type":"ImageObject","inLanguage":"pl-PL","@id":"http:\/\/fundacjaprosaluteomnium.pl\/#\/schema\/logo\/image\/","url":"https:\/\/fundacjaprosaluteomnium.pl\/wp-content\/uploads\/2023\/11\/LOG180x180-1.png","contentUrl":"https:\/\/fundacjaprosaluteomnium.pl\/wp-content\/uploads\/2023\/11\/LOG180x180-1.png","width":180,"height":180,"caption":"Fundacja Pro Salute Omnium"},"image":{"@id":"http:\/\/fundacjaprosaluteomnium.pl\/#\/schema\/logo\/image\/"}}]}},"_links":{"self":[{"href":"https:\/\/fundacjaprosaluteomnium.pl\/index.php\/wp-json\/wp\/v2\/pages\/312","targetHints":{"allow":["GET"]}}],"collection":[{"href":"https:\/\/fundacjaprosaluteomnium.pl\/index.php\/wp-json\/wp\/v2\/pages"}],"about":[{"href":"https:\/\/fundacjaprosaluteomnium.pl\/index.php\/wp-json\/wp\/v2\/types\/page"}],"author":[{"embeddable":true,"href":"https:\/\/fundacjaprosaluteomnium.pl\/index.php\/wp-json\/wp\/v2\/users\/1"}],"replies":[{"embeddable":true,"href":"https:\/\/fundacjaprosaluteomnium.pl\/index.php\/wp-json\/wp\/v2\/comments?post=312"}],"version-history":[{"count":2,"href":"https:\/\/fundacjaprosaluteomnium.pl\/index.php\/wp-json\/wp\/v2\/pages\/312\/revisions"}],"predecessor-version":[{"id":319,"href":"https:\/\/fundacjaprosaluteomnium.pl\/index.php\/wp-json\/wp\/v2\/pages\/312\/revisions\/319"}],"wp:attachment":[{"href":"https:\/\/fundacjaprosaluteomnium.pl\/index.php\/wp-json\/wp\/v2\/media?parent=312"}],"curies":[{"name":"wp","href":"https:\/\/api.w.org\/{rel}","templated":true}]}}