{"id":36,"date":"2023-11-17T12:53:53","date_gmt":"2023-11-17T11:53:53","guid":{"rendered":"https:\/\/szpitalwlasku.home.pl\/autoinstalator\/wordpressplugins1\/?page_id=36"},"modified":"2023-11-20T10:50:53","modified_gmt":"2023-11-20T09:50:53","slug":"o-nas","status":"publish","type":"page","link":"https:\/\/fundacjaprosaluteomnium.pl\/index.php\/o-nas\/","title":{"rendered":"O NAS"},"content":{"rendered":"\n<p>Podstawowym celem dzia\u0142ania fundacji jest prowadzenie dzia\u0142alno\u015bci  w sferze zada\u0144 publicznych <strong>w zakresie ochrony i promocji zdrowia<\/strong>, jak r\u00f3wnie\u017c:<\/p>\n\n\n\n<p>a\/dzia\u0142alno\u015bci na rzecz os\u00f3b niepe\u0142nosprawnych, <\/p>\n\n\n\n<p>b\/dzia\u0142alno\u015bci charytatywnej, <\/p>\n\n\n\n<p>c\/pomocy spo\u0142ecznej, <\/p>\n\n\n\n<p>d\/nauki, szkolnictwa wy\u017cszego, edukacji, o\u015bwiaty i wychowania, <\/p>\n\n\n\n<p>e\/kultury, sztuki, ochrony d\u00f3br kultury i dziedzictwa narodowego, w tym opieki nad zabytkami, <\/p>\n\n\n\n<p>f\/dzia\u0142alno\u015bci wspomagaj\u0105cej rozw\u00f3j gospodarczy, w tym rozw\u00f3j przedsi\u0119biorczo\u015bci, <\/p>\n\n\n\n<p>g\/dzia\u0142alno\u015bci wspomagaj\u0105cej rozw\u00f3j techniki, wynalazczo\u015bci i innowacyjno\u015bci oraz rozpowszechnianie i wdra\u017canie nowych rozwi\u0105za\u0144 technicznych w praktyce gospodarczej, <\/p>\n\n\n\n<p>h\/pomocy ofiarom katastrof, kl\u0119sk \u017cywio\u0142owych, konflikt\u00f3w zbrojnych i wojen w kraju i za granic\u0105.<\/p>\n\n\n\n<figure class=\"wp-block-gallery has-nested-images columns-default is-cropped wp-block-gallery-1 is-layout-flex wp-block-gallery-is-layout-flex\">\n<figure class=\"wp-block-image size-large\"><img fetchpriority=\"high\" decoding=\"async\" width=\"1024\" height=\"577\" data-id=\"60\" src=\"https:\/\/szpitalwlasku.home.pl\/autoinstalator\/wordpressplugins1\/wp-content\/uploads\/2023\/11\/Medical-Poster-30\u00d720-cm-25\u00d75-cm-Facebook-Cover-6-1-1024x577.png\" alt=\"\" class=\"wp-image-60\" srcset=\"https:\/\/fundacjaprosaluteomnium.pl\/wp-content\/uploads\/2023\/11\/Medical-Poster-30\u00d720-cm-25\u00d75-cm-Facebook-Cover-6-1-1024x577.png 1024w, https:\/\/fundacjaprosaluteomnium.pl\/wp-content\/uploads\/2023\/11\/Medical-Poster-30\u00d720-cm-25\u00d75-cm-Facebook-Cover-6-1-300x169.png 300w, https:\/\/fundacjaprosaluteomnium.pl\/wp-content\/uploads\/2023\/11\/Medical-Poster-30\u00d720-cm-25\u00d75-cm-Facebook-Cover-6-1-768x433.png 768w, https:\/\/fundacjaprosaluteomnium.pl\/wp-content\/uploads\/2023\/11\/Medical-Poster-30\u00d720-cm-25\u00d75-cm-Facebook-Cover-6-1-1536x866.png 1536w, https:\/\/fundacjaprosaluteomnium.pl\/wp-content\/uploads\/2023\/11\/Medical-Poster-30\u00d720-cm-25\u00d75-cm-Facebook-Cover-6-1-2048x1154.png 2048w\" sizes=\"(max-width: 1024px) 100vw, 1024px\" \/><\/figure>\n<\/figure>\n","protected":false},"excerpt":{"rendered":"<p>Podstawowym celem dzia\u0142ania fundacji jest prowadzenie dzia\u0142alno\u015bci w sferze zada\u0144 publicznych w zakresie ochrony i promocji zdrowia, jak r\u00f3wnie\u017c: a\/dzia\u0142alno\u015bci na rzecz os\u00f3b niepe\u0142nosprawnych, b\/dzia\u0142alno\u015bci charytatywnej, c\/pomocy spo\u0142ecznej, d\/nauki, szkolnictwa wy\u017cszego, edukacji, o\u015bwiaty i wychowania, e\/kultury, sztuki, ochrony d\u00f3br kultury i dziedzictwa narodowego, w tym opieki nad zabytkami, f\/dzia\u0142alno\u015bci wspomagaj\u0105cej rozw\u00f3j gospodarczy, w tym rozw\u00f3j [&hellip;]<\/p>\n","protected":false},"author":1,"featured_media":0,"parent":0,"menu_order":0,"comment_status":"closed","ping_status":"closed","template":"","meta":{"footnotes":""},"class_list":["post-36","page","type-page","status-publish","hentry"],"yoast_head":"<!-- This site is optimized with the Yoast SEO plugin v27.3 - https:\/\/yoast.com\/product\/yoast-seo-wordpress\/ -->\n<title>O NAS - Fundacja Pro Salute Omnium<\/title>\n<meta name=\"robots\" content=\"index, follow, max-snippet:-1, max-image-preview:large, max-video-preview:-1\" \/>\n<link rel=\"canonical\" href=\"https:\/\/fundacjaprosaluteomnium.pl\/index.php\/o-nas\/\" \/>\n<meta property=\"og:locale\" content=\"pl_PL\" \/>\n<meta property=\"og:type\" content=\"article\" \/>\n<meta property=\"og:title\" content=\"O NAS - Fundacja Pro Salute Omnium\" \/>\n<meta property=\"og:description\" content=\"Podstawowym celem dzia\u0142ania fundacji jest prowadzenie dzia\u0142alno\u015bci w sferze zada\u0144 publicznych w zakresie ochrony i promocji zdrowia, jak r\u00f3wnie\u017c: a\/dzia\u0142alno\u015bci na rzecz os\u00f3b niepe\u0142nosprawnych, b\/dzia\u0142alno\u015bci charytatywnej, c\/pomocy spo\u0142ecznej, d\/nauki, szkolnictwa wy\u017cszego, edukacji, o\u015bwiaty i wychowania, e\/kultury, sztuki, ochrony d\u00f3br kultury i dziedzictwa narodowego, w tym opieki nad zabytkami, f\/dzia\u0142alno\u015bci wspomagaj\u0105cej rozw\u00f3j gospodarczy, w tym rozw\u00f3j [&hellip;]\" \/>\n<meta property=\"og:url\" content=\"https:\/\/fundacjaprosaluteomnium.pl\/index.php\/o-nas\/\" \/>\n<meta property=\"og:site_name\" content=\"Fundacja Pro Salute Omnium\" \/>\n<meta property=\"article:modified_time\" content=\"2023-11-20T09:50:53+00:00\" \/>\n<meta name=\"twitter:card\" content=\"summary_large_image\" \/>\n<meta name=\"twitter:label1\" content=\"Szacowany czas czytania\" \/>\n\t<meta name=\"twitter:data1\" content=\"1 minuta\" \/>\n<script type=\"application\/ld+json\" class=\"yoast-schema-graph\">{\"@context\":\"https:\\\/\\\/schema.org\",\"@graph\":[{\"@type\":\"WebPage\",\"@id\":\"https:\\\/\\\/fundacjaprosaluteomnium.pl\\\/index.php\\\/o-nas\\\/\",\"url\":\"https:\\\/\\\/fundacjaprosaluteomnium.pl\\\/index.php\\\/o-nas\\\/\",\"name\":\"O NAS - Fundacja Pro Salute Omnium\",\"isPartOf\":{\"@id\":\"http:\\\/\\\/fundacjaprosaluteomnium.pl\\\/#website\"},\"datePublished\":\"2023-11-17T11:53:53+00:00\",\"dateModified\":\"2023-11-20T09:50:53+00:00\",\"breadcrumb\":{\"@id\":\"https:\\\/\\\/fundacjaprosaluteomnium.pl\\\/index.php\\\/o-nas\\\/#breadcrumb\"},\"inLanguage\":\"pl-PL\",\"potentialAction\":[{\"@type\":\"ReadAction\",\"target\":[\"https:\\\/\\\/fundacjaprosaluteomnium.pl\\\/index.php\\\/o-nas\\\/\"]}]},{\"@type\":\"BreadcrumbList\",\"@id\":\"https:\\\/\\\/fundacjaprosaluteomnium.pl\\\/index.php\\\/o-nas\\\/#breadcrumb\",\"itemListElement\":[{\"@type\":\"ListItem\",\"position\":1,\"name\":\"Home\",\"item\":\"http:\\\/\\\/fundacjaprosaluteomnium.pl\\\/\"},{\"@type\":\"ListItem\",\"position\":2,\"name\":\"O NAS\"}]},{\"@type\":\"WebSite\",\"@id\":\"http:\\\/\\\/fundacjaprosaluteomnium.pl\\\/#website\",\"url\":\"http:\\\/\\\/fundacjaprosaluteomnium.pl\\\/\",\"name\":\"Fundacja Pro Salute Omnium\",\"description\":\"\",\"publisher\":{\"@id\":\"http:\\\/\\\/fundacjaprosaluteomnium.pl\\\/#organization\"},\"potentialAction\":[{\"@type\":\"SearchAction\",\"target\":{\"@type\":\"EntryPoint\",\"urlTemplate\":\"http:\\\/\\\/fundacjaprosaluteomnium.pl\\\/?s={search_term_string}\"},\"query-input\":{\"@type\":\"PropertyValueSpecification\",\"valueRequired\":true,\"valueName\":\"search_term_string\"}}],\"inLanguage\":\"pl-PL\"},{\"@type\":\"Organization\",\"@id\":\"http:\\\/\\\/fundacjaprosaluteomnium.pl\\\/#organization\",\"name\":\"Fundacja Pro Salute Omnium\",\"url\":\"http:\\\/\\\/fundacjaprosaluteomnium.pl\\\/\",\"logo\":{\"@type\":\"ImageObject\",\"inLanguage\":\"pl-PL\",\"@id\":\"http:\\\/\\\/fundacjaprosaluteomnium.pl\\\/#\\\/schema\\\/logo\\\/image\\\/\",\"url\":\"https:\\\/\\\/fundacjaprosaluteomnium.pl\\\/wp-content\\\/uploads\\\/2023\\\/11\\\/LOG180x180-1.png\",\"contentUrl\":\"https:\\\/\\\/fundacjaprosaluteomnium.pl\\\/wp-content\\\/uploads\\\/2023\\\/11\\\/LOG180x180-1.png\",\"width\":180,\"height\":180,\"caption\":\"Fundacja Pro Salute Omnium\"},\"image\":{\"@id\":\"http:\\\/\\\/fundacjaprosaluteomnium.pl\\\/#\\\/schema\\\/logo\\\/image\\\/\"}}]}<\/script>\n<!-- \/ Yoast SEO plugin. -->","yoast_head_json":{"title":"O NAS - Fundacja Pro Salute Omnium","robots":{"index":"index","follow":"follow","max-snippet":"max-snippet:-1","max-image-preview":"max-image-preview:large","max-video-preview":"max-video-preview:-1"},"canonical":"https:\/\/fundacjaprosaluteomnium.pl\/index.php\/o-nas\/","og_locale":"pl_PL","og_type":"article","og_title":"O NAS - Fundacja Pro Salute Omnium","og_description":"Podstawowym celem dzia\u0142ania fundacji jest prowadzenie dzia\u0142alno\u015bci w sferze zada\u0144 publicznych w zakresie ochrony i promocji zdrowia, jak r\u00f3wnie\u017c: a\/dzia\u0142alno\u015bci na rzecz os\u00f3b niepe\u0142nosprawnych, b\/dzia\u0142alno\u015bci charytatywnej, c\/pomocy spo\u0142ecznej, d\/nauki, szkolnictwa wy\u017cszego, edukacji, o\u015bwiaty i wychowania, e\/kultury, sztuki, ochrony d\u00f3br kultury i dziedzictwa narodowego, w tym opieki nad zabytkami, f\/dzia\u0142alno\u015bci wspomagaj\u0105cej rozw\u00f3j gospodarczy, w tym rozw\u00f3j [&hellip;]","og_url":"https:\/\/fundacjaprosaluteomnium.pl\/index.php\/o-nas\/","og_site_name":"Fundacja Pro Salute Omnium","article_modified_time":"2023-11-20T09:50:53+00:00","twitter_card":"summary_large_image","twitter_misc":{"Szacowany czas czytania":"1 minuta"},"schema":{"@context":"https:\/\/schema.org","@graph":[{"@type":"WebPage","@id":"https:\/\/fundacjaprosaluteomnium.pl\/index.php\/o-nas\/","url":"https:\/\/fundacjaprosaluteomnium.pl\/index.php\/o-nas\/","name":"O NAS - Fundacja Pro Salute Omnium","isPartOf":{"@id":"http:\/\/fundacjaprosaluteomnium.pl\/#website"},"datePublished":"2023-11-17T11:53:53+00:00","dateModified":"2023-11-20T09:50:53+00:00","breadcrumb":{"@id":"https:\/\/fundacjaprosaluteomnium.pl\/index.php\/o-nas\/#breadcrumb"},"inLanguage":"pl-PL","potentialAction":[{"@type":"ReadAction","target":["https:\/\/fundacjaprosaluteomnium.pl\/index.php\/o-nas\/"]}]},{"@type":"BreadcrumbList","@id":"https:\/\/fundacjaprosaluteomnium.pl\/index.php\/o-nas\/#breadcrumb","itemListElement":[{"@type":"ListItem","position":1,"name":"Home","item":"http:\/\/fundacjaprosaluteomnium.pl\/"},{"@type":"ListItem","position":2,"name":"O NAS"}]},{"@type":"WebSite","@id":"http:\/\/fundacjaprosaluteomnium.pl\/#website","url":"http:\/\/fundacjaprosaluteomnium.pl\/","name":"Fundacja Pro Salute Omnium","description":"","publisher":{"@id":"http:\/\/fundacjaprosaluteomnium.pl\/#organization"},"potentialAction":[{"@type":"SearchAction","target":{"@type":"EntryPoint","urlTemplate":"http:\/\/fundacjaprosaluteomnium.pl\/?s={search_term_string}"},"query-input":{"@type":"PropertyValueSpecification","valueRequired":true,"valueName":"search_term_string"}}],"inLanguage":"pl-PL"},{"@type":"Organization","@id":"http:\/\/fundacjaprosaluteomnium.pl\/#organization","name":"Fundacja Pro Salute Omnium","url":"http:\/\/fundacjaprosaluteomnium.pl\/","logo":{"@type":"ImageObject","inLanguage":"pl-PL","@id":"http:\/\/fundacjaprosaluteomnium.pl\/#\/schema\/logo\/image\/","url":"https:\/\/fundacjaprosaluteomnium.pl\/wp-content\/uploads\/2023\/11\/LOG180x180-1.png","contentUrl":"https:\/\/fundacjaprosaluteomnium.pl\/wp-content\/uploads\/2023\/11\/LOG180x180-1.png","width":180,"height":180,"caption":"Fundacja Pro Salute Omnium"},"image":{"@id":"http:\/\/fundacjaprosaluteomnium.pl\/#\/schema\/logo\/image\/"}}]}},"_links":{"self":[{"href":"https:\/\/fundacjaprosaluteomnium.pl\/index.php\/wp-json\/wp\/v2\/pages\/36","targetHints":{"allow":["GET"]}}],"collection":[{"href":"https:\/\/fundacjaprosaluteomnium.pl\/index.php\/wp-json\/wp\/v2\/pages"}],"about":[{"href":"https:\/\/fundacjaprosaluteomnium.pl\/index.php\/wp-json\/wp\/v2\/types\/page"}],"author":[{"embeddable":true,"href":"https:\/\/fundacjaprosaluteomnium.pl\/index.php\/wp-json\/wp\/v2\/users\/1"}],"replies":[{"embeddable":true,"href":"https:\/\/fundacjaprosaluteomnium.pl\/index.php\/wp-json\/wp\/v2\/comments?post=36"}],"version-history":[{"count":5,"href":"https:\/\/fundacjaprosaluteomnium.pl\/index.php\/wp-json\/wp\/v2\/pages\/36\/revisions"}],"predecessor-version":[{"id":196,"href":"https:\/\/fundacjaprosaluteomnium.pl\/index.php\/wp-json\/wp\/v2\/pages\/36\/revisions\/196"}],"wp:attachment":[{"href":"https:\/\/fundacjaprosaluteomnium.pl\/index.php\/wp-json\/wp\/v2\/media?parent=36"}],"curies":[{"name":"wp","href":"https:\/\/api.w.org\/{rel}","templated":true}]}}