{"id":40,"date":"2023-11-17T12:54:40","date_gmt":"2023-11-17T11:54:40","guid":{"rendered":"https:\/\/szpitalwlasku.home.pl\/autoinstalator\/wordpressplugins1\/?page_id=40"},"modified":"2023-11-20T11:13:27","modified_gmt":"2023-11-20T10:13:27","slug":"struktura-fundacji","status":"publish","type":"page","link":"https:\/\/fundacjaprosaluteomnium.pl\/index.php\/struktura-fundacji\/","title":{"rendered":"STRUKTURA FUNDACJI"},"content":{"rendered":"\n<p class=\"has-text-align-center\"><strong>ZARZ\u0104D FUNDACJI <\/strong><\/p>\n\n\n<div class=\"wp-block-image\">\n<figure class=\"aligncenter size-large is-resized\"><img fetchpriority=\"high\" decoding=\"async\" width=\"982\" height=\"1024\" src=\"https:\/\/szpitalwlasku.home.pl\/autoinstalator\/wordpressplugins1\/wp-content\/uploads\/2023\/11\/Medical-Poster-30\u00d720-cm-25\u00d75-cm-Facebook-Cover-4-982x1024.jpg\" alt=\"\" class=\"wp-image-62\" style=\"width:107px;height:auto\" srcset=\"https:\/\/fundacjaprosaluteomnium.pl\/wp-content\/uploads\/2023\/11\/Medical-Poster-30\u00d720-cm-25\u00d75-cm-Facebook-Cover-4-982x1024.jpg 982w, https:\/\/fundacjaprosaluteomnium.pl\/wp-content\/uploads\/2023\/11\/Medical-Poster-30\u00d720-cm-25\u00d75-cm-Facebook-Cover-4-288x300.jpg 288w, https:\/\/fundacjaprosaluteomnium.pl\/wp-content\/uploads\/2023\/11\/Medical-Poster-30\u00d720-cm-25\u00d75-cm-Facebook-Cover-4-768x800.jpg 768w, https:\/\/fundacjaprosaluteomnium.pl\/wp-content\/uploads\/2023\/11\/Medical-Poster-30\u00d720-cm-25\u00d75-cm-Facebook-Cover-4-1474x1536.jpg 1474w, https:\/\/fundacjaprosaluteomnium.pl\/wp-content\/uploads\/2023\/11\/Medical-Poster-30\u00d720-cm-25\u00d75-cm-Facebook-Cover-4-1965x2048.jpg 1965w\" sizes=\"(max-width: 982px) 100vw, 982px\" \/><\/figure>\n<\/div>\n\n\n<p class=\"has-text-align-center\">PREZES ZARZ\u0104DU<\/p>\n\n\n\n<p class=\"has-text-align-center\"><em>lek. med. Iwona Grabowska<\/em><\/p>\n\n\n<div class=\"wp-block-image\">\n<figure class=\"aligncenter size-large is-resized\"><img fetchpriority=\"high\" decoding=\"async\" width=\"982\" height=\"1024\" src=\"https:\/\/szpitalwlasku.home.pl\/autoinstalator\/wordpressplugins1\/wp-content\/uploads\/2023\/11\/Medical-Poster-30\u00d720-cm-25\u00d75-cm-Facebook-Cover-4-982x1024.jpg\" alt=\"\" class=\"wp-image-62\" style=\"width:107px;height:auto\" srcset=\"https:\/\/fundacjaprosaluteomnium.pl\/wp-content\/uploads\/2023\/11\/Medical-Poster-30\u00d720-cm-25\u00d75-cm-Facebook-Cover-4-982x1024.jpg 982w, https:\/\/fundacjaprosaluteomnium.pl\/wp-content\/uploads\/2023\/11\/Medical-Poster-30\u00d720-cm-25\u00d75-cm-Facebook-Cover-4-288x300.jpg 288w, https:\/\/fundacjaprosaluteomnium.pl\/wp-content\/uploads\/2023\/11\/Medical-Poster-30\u00d720-cm-25\u00d75-cm-Facebook-Cover-4-768x800.jpg 768w, https:\/\/fundacjaprosaluteomnium.pl\/wp-content\/uploads\/2023\/11\/Medical-Poster-30\u00d720-cm-25\u00d75-cm-Facebook-Cover-4-1474x1536.jpg 1474w, https:\/\/fundacjaprosaluteomnium.pl\/wp-content\/uploads\/2023\/11\/Medical-Poster-30\u00d720-cm-25\u00d75-cm-Facebook-Cover-4-1965x2048.jpg 1965w\" sizes=\"(max-width: 982px) 100vw, 982px\" \/><\/figure>\n<\/div>\n\n\n<p class=\"has-text-align-center\">CZ\u0141ONEK ZARZ\u0104DU<\/p>\n\n\n\n<p class=\"has-text-align-center\"><em>mgr<\/em> <em>Arkadiusz Placek<\/em><\/p>\n\n\n\n<p><\/p>\n\n\n\n<p><\/p>\n\n\n\n<p class=\"has-text-align-center\"><strong>RADA FUNDACJI <\/strong><\/p>\n\n\n<div class=\"wp-block-image\">\n<figure class=\"aligncenter size-thumbnail is-resized\"><img decoding=\"async\" width=\"150\" height=\"150\" src=\"https:\/\/szpitalwlasku.home.pl\/autoinstalator\/wordpressplugins1\/wp-content\/uploads\/2023\/11\/Medical-Poster-30\u00d720-cm-25\u00d75-cm-Facebook-Cover-4-150x150.jpg\" alt=\"\" class=\"wp-image-62\" style=\"width:65px;height:auto\"\/><\/figure>\n<\/div>\n\n\n<p class=\"has-text-align-center\"><em>Konrad Nowakowski <\/em><\/p>\n\n\n<div class=\"wp-block-image\">\n<figure class=\"aligncenter size-thumbnail is-resized\"><img decoding=\"async\" width=\"150\" height=\"150\" src=\"https:\/\/szpitalwlasku.home.pl\/autoinstalator\/wordpressplugins1\/wp-content\/uploads\/2023\/11\/Medical-Poster-30\u00d720-cm-25\u00d75-cm-Facebook-Cover-4-150x150.jpg\" alt=\"\" class=\"wp-image-62\" style=\"width:65px;height:auto\"\/><\/figure>\n<\/div>\n\n\n<p class=\"has-text-align-center\">r.pr. Jolanta Matyja-Pi\u0142at<\/p>\n","protected":false},"excerpt":{"rendered":"<p>ZARZ\u0104D FUNDACJI PREZES ZARZ\u0104DU lek. med. Iwona Grabowska CZ\u0141ONEK ZARZ\u0104DU mgr Arkadiusz Placek RADA FUNDACJI Konrad Nowakowski r.pr. Jolanta Matyja-Pi\u0142at<\/p>\n","protected":false},"author":1,"featured_media":0,"parent":0,"menu_order":0,"comment_status":"closed","ping_status":"closed","template":"","meta":{"footnotes":""},"class_list":["post-40","page","type-page","status-publish","hentry"],"yoast_head":"<!-- This site is optimized with the Yoast SEO plugin v27.3 - https:\/\/yoast.com\/product\/yoast-seo-wordpress\/ -->\n<title>STRUKTURA FUNDACJI - Fundacja Pro Salute Omnium<\/title>\n<meta name=\"robots\" content=\"index, follow, max-snippet:-1, max-image-preview:large, max-video-preview:-1\" \/>\n<link rel=\"canonical\" href=\"https:\/\/fundacjaprosaluteomnium.pl\/index.php\/struktura-fundacji\/\" \/>\n<meta property=\"og:locale\" content=\"pl_PL\" \/>\n<meta property=\"og:type\" content=\"article\" \/>\n<meta property=\"og:title\" content=\"STRUKTURA FUNDACJI - Fundacja Pro Salute Omnium\" \/>\n<meta property=\"og:description\" content=\"ZARZ\u0104D FUNDACJI PREZES ZARZ\u0104DU lek. med. Iwona Grabowska CZ\u0141ONEK ZARZ\u0104DU mgr Arkadiusz Placek RADA FUNDACJI Konrad Nowakowski r.pr. Jolanta Matyja-Pi\u0142at\" \/>\n<meta property=\"og:url\" content=\"https:\/\/fundacjaprosaluteomnium.pl\/index.php\/struktura-fundacji\/\" \/>\n<meta property=\"og:site_name\" content=\"Fundacja Pro Salute Omnium\" \/>\n<meta property=\"article:modified_time\" content=\"2023-11-20T10:13:27+00:00\" \/>\n<meta name=\"twitter:card\" content=\"summary_large_image\" \/>\n<meta name=\"twitter:label1\" content=\"Szacowany czas czytania\" \/>\n\t<meta name=\"twitter:data1\" content=\"1 minuta\" \/>\n<script type=\"application\/ld+json\" class=\"yoast-schema-graph\">{\"@context\":\"https:\\\/\\\/schema.org\",\"@graph\":[{\"@type\":\"WebPage\",\"@id\":\"https:\\\/\\\/fundacjaprosaluteomnium.pl\\\/index.php\\\/struktura-fundacji\\\/\",\"url\":\"https:\\\/\\\/fundacjaprosaluteomnium.pl\\\/index.php\\\/struktura-fundacji\\\/\",\"name\":\"STRUKTURA FUNDACJI - Fundacja Pro Salute Omnium\",\"isPartOf\":{\"@id\":\"http:\\\/\\\/fundacjaprosaluteomnium.pl\\\/#website\"},\"datePublished\":\"2023-11-17T11:54:40+00:00\",\"dateModified\":\"2023-11-20T10:13:27+00:00\",\"breadcrumb\":{\"@id\":\"https:\\\/\\\/fundacjaprosaluteomnium.pl\\\/index.php\\\/struktura-fundacji\\\/#breadcrumb\"},\"inLanguage\":\"pl-PL\",\"potentialAction\":[{\"@type\":\"ReadAction\",\"target\":[\"https:\\\/\\\/fundacjaprosaluteomnium.pl\\\/index.php\\\/struktura-fundacji\\\/\"]}]},{\"@type\":\"BreadcrumbList\",\"@id\":\"https:\\\/\\\/fundacjaprosaluteomnium.pl\\\/index.php\\\/struktura-fundacji\\\/#breadcrumb\",\"itemListElement\":[{\"@type\":\"ListItem\",\"position\":1,\"name\":\"Home\",\"item\":\"http:\\\/\\\/fundacjaprosaluteomnium.pl\\\/\"},{\"@type\":\"ListItem\",\"position\":2,\"name\":\"STRUKTURA FUNDACJI\"}]},{\"@type\":\"WebSite\",\"@id\":\"http:\\\/\\\/fundacjaprosaluteomnium.pl\\\/#website\",\"url\":\"http:\\\/\\\/fundacjaprosaluteomnium.pl\\\/\",\"name\":\"Fundacja Pro Salute Omnium\",\"description\":\"\",\"publisher\":{\"@id\":\"http:\\\/\\\/fundacjaprosaluteomnium.pl\\\/#organization\"},\"potentialAction\":[{\"@type\":\"SearchAction\",\"target\":{\"@type\":\"EntryPoint\",\"urlTemplate\":\"http:\\\/\\\/fundacjaprosaluteomnium.pl\\\/?s={search_term_string}\"},\"query-input\":{\"@type\":\"PropertyValueSpecification\",\"valueRequired\":true,\"valueName\":\"search_term_string\"}}],\"inLanguage\":\"pl-PL\"},{\"@type\":\"Organization\",\"@id\":\"http:\\\/\\\/fundacjaprosaluteomnium.pl\\\/#organization\",\"name\":\"Fundacja Pro Salute Omnium\",\"url\":\"http:\\\/\\\/fundacjaprosaluteomnium.pl\\\/\",\"logo\":{\"@type\":\"ImageObject\",\"inLanguage\":\"pl-PL\",\"@id\":\"http:\\\/\\\/fundacjaprosaluteomnium.pl\\\/#\\\/schema\\\/logo\\\/image\\\/\",\"url\":\"https:\\\/\\\/fundacjaprosaluteomnium.pl\\\/wp-content\\\/uploads\\\/2023\\\/11\\\/LOG180x180-1.png\",\"contentUrl\":\"https:\\\/\\\/fundacjaprosaluteomnium.pl\\\/wp-content\\\/uploads\\\/2023\\\/11\\\/LOG180x180-1.png\",\"width\":180,\"height\":180,\"caption\":\"Fundacja Pro Salute Omnium\"},\"image\":{\"@id\":\"http:\\\/\\\/fundacjaprosaluteomnium.pl\\\/#\\\/schema\\\/logo\\\/image\\\/\"}}]}<\/script>\n<!-- \/ Yoast SEO plugin. -->","yoast_head_json":{"title":"STRUKTURA FUNDACJI - Fundacja Pro Salute Omnium","robots":{"index":"index","follow":"follow","max-snippet":"max-snippet:-1","max-image-preview":"max-image-preview:large","max-video-preview":"max-video-preview:-1"},"canonical":"https:\/\/fundacjaprosaluteomnium.pl\/index.php\/struktura-fundacji\/","og_locale":"pl_PL","og_type":"article","og_title":"STRUKTURA FUNDACJI - Fundacja Pro Salute Omnium","og_description":"ZARZ\u0104D FUNDACJI PREZES ZARZ\u0104DU lek. med. Iwona Grabowska CZ\u0141ONEK ZARZ\u0104DU mgr Arkadiusz Placek RADA FUNDACJI Konrad Nowakowski r.pr. Jolanta Matyja-Pi\u0142at","og_url":"https:\/\/fundacjaprosaluteomnium.pl\/index.php\/struktura-fundacji\/","og_site_name":"Fundacja Pro Salute Omnium","article_modified_time":"2023-11-20T10:13:27+00:00","twitter_card":"summary_large_image","twitter_misc":{"Szacowany czas czytania":"1 minuta"},"schema":{"@context":"https:\/\/schema.org","@graph":[{"@type":"WebPage","@id":"https:\/\/fundacjaprosaluteomnium.pl\/index.php\/struktura-fundacji\/","url":"https:\/\/fundacjaprosaluteomnium.pl\/index.php\/struktura-fundacji\/","name":"STRUKTURA FUNDACJI - Fundacja Pro Salute Omnium","isPartOf":{"@id":"http:\/\/fundacjaprosaluteomnium.pl\/#website"},"datePublished":"2023-11-17T11:54:40+00:00","dateModified":"2023-11-20T10:13:27+00:00","breadcrumb":{"@id":"https:\/\/fundacjaprosaluteomnium.pl\/index.php\/struktura-fundacji\/#breadcrumb"},"inLanguage":"pl-PL","potentialAction":[{"@type":"ReadAction","target":["https:\/\/fundacjaprosaluteomnium.pl\/index.php\/struktura-fundacji\/"]}]},{"@type":"BreadcrumbList","@id":"https:\/\/fundacjaprosaluteomnium.pl\/index.php\/struktura-fundacji\/#breadcrumb","itemListElement":[{"@type":"ListItem","position":1,"name":"Home","item":"http:\/\/fundacjaprosaluteomnium.pl\/"},{"@type":"ListItem","position":2,"name":"STRUKTURA FUNDACJI"}]},{"@type":"WebSite","@id":"http:\/\/fundacjaprosaluteomnium.pl\/#website","url":"http:\/\/fundacjaprosaluteomnium.pl\/","name":"Fundacja Pro Salute Omnium","description":"","publisher":{"@id":"http:\/\/fundacjaprosaluteomnium.pl\/#organization"},"potentialAction":[{"@type":"SearchAction","target":{"@type":"EntryPoint","urlTemplate":"http:\/\/fundacjaprosaluteomnium.pl\/?s={search_term_string}"},"query-input":{"@type":"PropertyValueSpecification","valueRequired":true,"valueName":"search_term_string"}}],"inLanguage":"pl-PL"},{"@type":"Organization","@id":"http:\/\/fundacjaprosaluteomnium.pl\/#organization","name":"Fundacja Pro Salute Omnium","url":"http:\/\/fundacjaprosaluteomnium.pl\/","logo":{"@type":"ImageObject","inLanguage":"pl-PL","@id":"http:\/\/fundacjaprosaluteomnium.pl\/#\/schema\/logo\/image\/","url":"https:\/\/fundacjaprosaluteomnium.pl\/wp-content\/uploads\/2023\/11\/LOG180x180-1.png","contentUrl":"https:\/\/fundacjaprosaluteomnium.pl\/wp-content\/uploads\/2023\/11\/LOG180x180-1.png","width":180,"height":180,"caption":"Fundacja Pro Salute Omnium"},"image":{"@id":"http:\/\/fundacjaprosaluteomnium.pl\/#\/schema\/logo\/image\/"}}]}},"_links":{"self":[{"href":"https:\/\/fundacjaprosaluteomnium.pl\/index.php\/wp-json\/wp\/v2\/pages\/40","targetHints":{"allow":["GET"]}}],"collection":[{"href":"https:\/\/fundacjaprosaluteomnium.pl\/index.php\/wp-json\/wp\/v2\/pages"}],"about":[{"href":"https:\/\/fundacjaprosaluteomnium.pl\/index.php\/wp-json\/wp\/v2\/types\/page"}],"author":[{"embeddable":true,"href":"https:\/\/fundacjaprosaluteomnium.pl\/index.php\/wp-json\/wp\/v2\/users\/1"}],"replies":[{"embeddable":true,"href":"https:\/\/fundacjaprosaluteomnium.pl\/index.php\/wp-json\/wp\/v2\/comments?post=40"}],"version-history":[{"count":15,"href":"https:\/\/fundacjaprosaluteomnium.pl\/index.php\/wp-json\/wp\/v2\/pages\/40\/revisions"}],"predecessor-version":[{"id":208,"href":"https:\/\/fundacjaprosaluteomnium.pl\/index.php\/wp-json\/wp\/v2\/pages\/40\/revisions\/208"}],"wp:attachment":[{"href":"https:\/\/fundacjaprosaluteomnium.pl\/index.php\/wp-json\/wp\/v2\/media?parent=40"}],"curies":[{"name":"wp","href":"https:\/\/api.w.org\/{rel}","templated":true}]}}